{"id":2050,"date":"2022-01-20T12:50:25","date_gmt":"2022-01-20T12:50:25","guid":{"rendered":"https:\/\/hotelbeltramonto.it\/restaurant-pizzeria\/"},"modified":"2024-10-29T10:26:02","modified_gmt":"2024-10-29T10:26:02","slug":"restaurant-pizzeria","status":"publish","type":"page","link":"https:\/\/hotelbeltramonto.it\/de\/restaurant-pizzeria\/","title":{"rendered":"Restaurant Pizzeria"},"content":{"rendered":"<p>[et_pb_section bb_built=&#8220;1&#8243; admin_label=&#8220;Header&#8220; bg_img_2=&#8220;https:\/\/hotelbeltramonto.it\/wp-content\/uploads\/resort-02.jpg&#8220; use_background_color_gradient_2=&#8220;off&#8220; background_color_gradient_start_2=&#8220;rgba(255,255,255,0.65)&#8220; background_color_gradient_end_2=&#8220;rgba(255,255,255,0)&#8220; background_color_gradient_direction_2=&#8220;105deg&#8220; background_color_gradient_start_position_2=&#8220;0%&#8220; background_color_gradient_end_position_2=&#8220;76%&#8220; background_color_gradient_overlays_image_2=&#8220;on&#8220; _builder_version=&#8220;4.19.0&#8243; background_image=&#8220;https:\/\/hotelbeltramonto.it\/wp-content\/uploads\/BEL-TRAMONTO_2024_253-1-1.jpg&#8220; custom_padding=&#8220;20vw|0px|0|0px|false|false&#8220; background_color_gradient_stops_2=&#8220;rgba(255,255,255,0.65) 0%|rgba(255,255,255,0) 76%&#8220; next_background_color=&#8220;#ffffff&#8220; background_pattern_color=&#8220;rgba(0,0,0,0.2)&#8220; background_mask_color=&#8220;#ffffff&#8220; box_shadow_horizontal_tablet=&#8220;0px&#8220; box_shadow_vertical_tablet=&#8220;0px&#8220; box_shadow_blur_tablet=&#8220;40px&#8220; box_shadow_spread_tablet=&#8220;0px&#8220; vertical_offset_tablet=&#8220;0&#8243; horizontal_offset_tablet=&#8220;0&#8243;][et_pb_row custom_padding_last_edited=&#8220;on|desktop&#8220; _builder_version=&#8220;3.25&#8243; background_color=&#8220;#ffffff&#8220; max_width=&#8220;1160px&#8220; custom_padding=&#8220;|40px||40px||true&#8220; custom_padding_tablet=&#8220;|20px||20px||true&#8220; use_custom_width=&#8220;on&#8220; custom_width_px=&#8220;1160px&#8220;][et_pb_column type=&#8220;4_4&#8243; _builder_version=&#8220;3.25&#8243; custom_padding=&#8220;|||&#8220; custom_padding__hover=&#8220;|||&#8220;][et_pb_text _builder_version=&#8220;4.9.2&#8243; text_font=&#8220;Open Sans||||||||&#8220; text_line_height=&#8220;2em&#8220; header_text_color=&#8220;#0077cc&#8220; header_font_size=&#8220;60px&#8220; header_line_height=&#8220;1.3em&#8220; header_2_font_size=&#8220;16px&#8220; header_2_letter_spacing=&#8220;6px&#8220; header_2_line_height=&#8220;2em&#8220; header_3_font=&#8220;|300|||||||&#8220; max_width=&#8220;800px&#8220; custom_margin_tablet=&#8220;0vw||20px&#8220; custom_padding=&#8220;||0px|||&#8220; hover_enabled=&#8220;0&#8243; header_font_size_tablet=&#8220;50px&#8220; header_font_size_phone=&#8220;40px&#8220; header_font_size_last_edited=&#8220;on|phone&#8220; header_2_font_size_phone=&#8220;12px&#8220; header_2_font_size_last_edited=&#8220;on|phone&#8220; header_text_shadow_style=&#8220;preset3&#8243; header_text_shadow_vertical_length=&#8220;0.03em&#8220; header_text_shadow_color=&#8220;#ffffff&#8220; locked=&#8220;off&#8220; header_3_font_size__hover=&#8220;22px&#8220; header_3_font_size__hover_enabled=&#8220;22px&#8220; header_3_letter_spacing__hover=&#8220;0px&#8220; header_3_letter_spacing__hover_enabled=&#8220;0px&#8220; header_3_line_height__hover=&#8220;1em&#8220; header_3_line_height__hover_enabled=&#8220;1em&#8220; header_3_text_shadow_style__hover=&#8220;none&#8220; header_3_text_shadow_style__hover_enabled=&#8220;none&#8220; header_3_text_shadow_color__hover=&#8220;rgba(0,0,0,0.4)&#8220; header_3_text_shadow_color__hover_enabled=&#8220;rgba(0,0,0,0.4)&#8220; sticky_enabled=&#8220;0&#8243;]<\/p>\n<h2>Ischitanische K\u00fcche<\/h2>\n<h1>Restaurant Pizzeria<\/h1>\n<h3>Das Hotel ist familiengef\u00fchrt und so wird auch die K\u00fcche gesund und lecker wie zu Hause<\/h3>\n<p>[\/et_pb_text][\/et_pb_column][\/et_pb_row][\/et_pb_section][et_pb_section bb_built=&#8220;1&#8243; _builder_version=&#8220;4.9.2&#8243; _module_preset=&#8220;default&#8220; custom_padding=&#8220;2px|||||&#8220; prev_background_color=&#8220;#000000&#8243; next_background_color=&#8220;rgba(12,113,195,0.1)&#8220;][et_pb_row _builder_version=&#8220;4.9.2&#8243; _module_preset=&#8220;default&#8220;][et_pb_column type=&#8220;4_4&#8243; _builder_version=&#8220;4.9.2&#8243; _module_preset=&#8220;default&#8220;][et_pb_gallery gallery_ids=&#8220;1216,1217,1218,1222,1219,1220,1221&#8243; fullwidth=&#8220;on&#8220; _builder_version=&#8220;4.19.0&#8243; _module_preset=&#8220;default&#8220; background_pattern_color=&#8220;rgba(0,0,0,0.2)&#8220; background_mask_color=&#8220;#ffffff&#8220; hover_overlay_color=&#8220;rgba(255,255,255,0.9)&#8220; box_shadow_horizontal_image_tablet=&#8220;0px&#8220; box_shadow_vertical_image_tablet=&#8220;0px&#8220; box_shadow_blur_image_tablet=&#8220;40px&#8220; box_shadow_spread_image_tablet=&#8220;0px&#8220; text_shadow_horizontal_length=&#8220;text_shadow_style,%91object Object%93&#8243; text_shadow_horizontal_length_tablet=&#8220;0px&#8220; text_shadow_vertical_length=&#8220;text_shadow_style,%91object Object%93&#8243; text_shadow_vertical_length_tablet=&#8220;0px&#8220; text_shadow_blur_strength=&#8220;text_shadow_style,%91object Object%93&#8243; text_shadow_blur_strength_tablet=&#8220;1px&#8220; title_text_shadow_horizontal_length=&#8220;title_text_shadow_style,%91object Object%93&#8243; title_text_shadow_horizontal_length_tablet=&#8220;0px&#8220; title_text_shadow_vertical_length=&#8220;title_text_shadow_style,%91object Object%93&#8243; title_text_shadow_vertical_length_tablet=&#8220;0px&#8220; title_text_shadow_blur_strength=&#8220;title_text_shadow_style,%91object Object%93&#8243; title_text_shadow_blur_strength_tablet=&#8220;1px&#8220; caption_text_shadow_horizontal_length=&#8220;caption_text_shadow_style,%91object Object%93&#8243; caption_text_shadow_horizontal_length_tablet=&#8220;0px&#8220; caption_text_shadow_vertical_length=&#8220;caption_text_shadow_style,%91object Object%93&#8243; caption_text_shadow_vertical_length_tablet=&#8220;0px&#8220; caption_text_shadow_blur_strength=&#8220;caption_text_shadow_style,%91object Object%93&#8243; caption_text_shadow_blur_strength_tablet=&#8220;1px&#8220; pagination_text_shadow_horizontal_length=&#8220;pagination_text_shadow_style,%91object Object%93&#8243; pagination_text_shadow_horizontal_length_tablet=&#8220;0px&#8220; pagination_text_shadow_vertical_length=&#8220;pagination_text_shadow_style,%91object Object%93&#8243; pagination_text_shadow_vertical_length_tablet=&#8220;0px&#8220; pagination_text_shadow_blur_strength=&#8220;pagination_text_shadow_style,%91object Object%93&#8243; pagination_text_shadow_blur_strength_tablet=&#8220;1px&#8220; box_shadow_horizontal_tablet=&#8220;0px&#8220; box_shadow_vertical_tablet=&#8220;0px&#8220; box_shadow_blur_tablet=&#8220;40px&#8220; box_shadow_spread_tablet=&#8220;0px&#8220; vertical_offset_tablet=&#8220;0&#8243; horizontal_offset_tablet=&#8220;0&#8243; z_index_tablet=&#8220;0&#8243;]<\/p>\n<p>[\/et_pb_gallery][\/et_pb_column][\/et_pb_row][\/et_pb_section][et_pb_section bb_built=&#8220;1&#8243; admin_label=&#8220;Restaurant&#8220; _builder_version=&#8220;4.9.2&#8243; custom_padding=&#8220;||||false|false&#8220; hover_enabled=&#8220;0&#8243; background_color=&#8220;rgba(12,113,195,0.1)&#8220; sticky_enabled=&#8220;0&#8243; prev_background_color=&#8220;#ffffff&#8220;][et_pb_row column_structure=&#8220;1_2,1_2&#8243; make_equal=&#8220;on&#8220; padding_top_bottom_link_1=&#8220;true&#8220; padding_top_bottom_link_2=&#8220;true&#8220; padding_left_right_link_1=&#8220;true&#8220; padding_left_right_link_2=&#8220;true&#8220; _builder_version=&#8220;4.9.2&#8243; animation_style=&#8220;fade&#8220;][et_pb_column type=&#8220;1_2&#8243; _builder_version=&#8220;4.9.2&#8243; _dynamic_attributes=&#8220;link_option_url&#8220; background_image=&#8220;https:\/\/hotelbeltramonto.it\/wp-content\/uploads\/Ristorante-Pizzeria-Ischia-Hotel-Bel-Tramonto-2016-06-1024&#215;683.jpg&#8220; custom_padding=&#8220;8vw|40px|8vw|40px&#8220; link_option_url=&#8220;@ET-DC@eyJkeW5hbWljIjp0cnVlLCJjb250ZW50IjoicG9zdF9saW5rX3VybF9wYWdlIiwic2V0dGluZ3MiOnsicG9zdF9pZCI6IjE0NSJ9fQ==@&#8220; custom_padding__hover=&#8220;|||&#8220;][et_pb_text _builder_version=&#8220;4.9.2&#8243; text_line_height=&#8220;2em&#8220; header_2_font=&#8220;|300|||||||&#8220; header_2_font_size=&#8220;60px&#8220; header_2_line_height=&#8220;1.3em&#8220; header_3_font=&#8220;|300||on|||||&#8220; header_3_font_size=&#8220;16px&#8220; header_3_letter_spacing=&#8220;6px&#8220; header_3_line_height=&#8220;1.6em&#8220; text_orientation=&#8220;center&#8220; background_layout=&#8220;dark&#8220; max_width=&#8220;700px&#8220; module_alignment=&#8220;center&#8220; custom_padding=&#8220;0px|||||&#8220; header_2_font_size_tablet=&#8220;40px&#8220; header_2_font_size_phone=&#8220;30px&#8220; header_2_font_size_last_edited=&#8220;on|phone&#8220; locked=&#8220;off&#8220; header_3_font_size__hover=&#8220;22px&#8220; header_3_font_size__hover_enabled=&#8220;22px&#8220; header_3_letter_spacing__hover=&#8220;0px&#8220; header_3_letter_spacing__hover_enabled=&#8220;0px&#8220; header_3_line_height__hover=&#8220;1em&#8220; header_3_line_height__hover_enabled=&#8220;1em&#8220; header_3_text_shadow_style__hover=&#8220;none&#8220; header_3_text_shadow_style__hover_enabled=&#8220;none&#8220; header_3_text_shadow_color__hover=&#8220;rgba(0,0,0,0.4)&#8220; header_3_text_shadow_color__hover_enabled=&#8220;rgba(0,0,0,0.4)&#8220; header_font_size__hover=&#8220;30px&#8220; header_font_size__hover_enabled=&#8220;30px&#8220; header_letter_spacing__hover=&#8220;0px&#8220; header_letter_spacing__hover_enabled=&#8220;0px&#8220; header_text_shadow_style__hover=&#8220;none&#8220; header_text_shadow_style__hover_enabled=&#8220;none&#8220; header_text_shadow_color__hover=&#8220;rgba(0,0,0,0.4)&#8220; header_text_shadow_color__hover_enabled=&#8220;rgba(0,0,0,0.4)&#8220;]<\/p>\n<h3>Ischia-Geschmack<\/h3>\n<h2>K\u00fcche<\/h2>\n<p>Familienbetrieb, gesund und lecker wie zu Hause<\/p>\n<p>[\/et_pb_text][\/et_pb_column][et_pb_column type=&#8220;1_2&#8243; _builder_version=&#8220;4.9.2&#8243; _dynamic_attributes=&#8220;link_option_url&#8220; background_image=&#8220;https:\/\/hotelbeltramonto.it\/wp-content\/uploads\/Piscine-Ischia-Hotel-Bel-Tramonto-2016-01-1024&#215;683.jpg&#8220; custom_padding=&#8220;8vw|40px|8vw|40px&#8220; link_option_url=&#8220;@ET-DC@eyJkeW5hbWljIjp0cnVlLCJjb250ZW50IjoicG9zdF9saW5rX3VybF9wYWdlIiwic2V0dGluZ3MiOnsicG9zdF9pZCI6IjE0OSJ9fQ==@&#8220; custom_padding__hover=&#8220;|||&#8220;][et_pb_text _builder_version=&#8220;4.9.2&#8243; text_line_height=&#8220;2em&#8220; header_2_font=&#8220;|300|||||||&#8220; header_2_font_size=&#8220;60px&#8220; header_2_line_height=&#8220;1.3em&#8220; header_3_font=&#8220;|300||on|||||&#8220; header_3_font_size=&#8220;16px&#8220; header_3_letter_spacing=&#8220;6px&#8220; header_3_line_height=&#8220;1.6em&#8220; text_orientation=&#8220;center&#8220; background_layout=&#8220;dark&#8220; max_width=&#8220;700px&#8220; module_alignment=&#8220;center&#8220; header_2_font_size_tablet=&#8220;40px&#8220; header_2_font_size_phone=&#8220;30px&#8220; header_2_font_size_last_edited=&#8220;on|phone&#8220; locked=&#8220;off&#8220; header_3_font_size__hover=&#8220;22px&#8220; header_3_font_size__hover_enabled=&#8220;22px&#8220; header_3_letter_spacing__hover=&#8220;0px&#8220; header_3_letter_spacing__hover_enabled=&#8220;0px&#8220; header_3_line_height__hover=&#8220;1em&#8220; header_3_line_height__hover_enabled=&#8220;1em&#8220; header_3_text_shadow_style__hover=&#8220;none&#8220; header_3_text_shadow_style__hover_enabled=&#8220;none&#8220; header_3_text_shadow_color__hover=&#8220;rgba(0,0,0,0.4)&#8220; header_3_text_shadow_color__hover_enabled=&#8220;rgba(0,0,0,0.4)&#8220; header_font_size__hover=&#8220;30px&#8220; header_font_size__hover_enabled=&#8220;30px&#8220; header_letter_spacing__hover=&#8220;0px&#8220; header_letter_spacing__hover_enabled=&#8220;0px&#8220; header_text_shadow_style__hover=&#8220;none&#8220; header_text_shadow_style__hover_enabled=&#8220;none&#8220; header_text_shadow_color__hover=&#8220;rgba(0,0,0,0.4)&#8220; header_text_shadow_color__hover_enabled=&#8220;rgba(0,0,0,0.4)&#8220;]<\/p>\n<h3>Wellnessbereich<\/h3>\n<h2>Schwimmb\u00e4der und Relax<\/h2>\n<p>Das Hotel Bel Tramonto ist eine Wohlf\u00fchloase auf den H\u00fcgeln von Casamicciola.<\/p>\n<p>[\/et_pb_text][\/et_pb_column][\/et_pb_row][\/et_pb_section]<\/p>\n","protected":false},"excerpt":{"rendered":"<p>Ischitanische K\u00fcche Restaurant Pizzeria Das Hotel ist familiengef\u00fchrt und so wird auch die K\u00fcche gesund und lecker wie zu Hause Ischia-Geschmack K\u00fcche Familienbetrieb, gesund und lecker wie zu Hause Wellnessbereich Schwimmb\u00e4der und Relax Das Hotel Bel Tramonto ist eine Wohlf\u00fchloase auf den H\u00fcgeln von Casamicciola.<\/p>\n","protected":false},"author":1,"featured_media":1669,"parent":0,"menu_order":0,"comment_status":"closed","ping_status":"closed","template":"","meta":{"_et_pb_use_builder":"on","_et_pb_old_content":"","_et_gb_content_width":"","footnotes":""},"class_list":["post-2050","page","type-page","status-publish","has-post-thumbnail","hentry"],"yoast_head":"<!-- This site is optimized with the Yoast SEO plugin v25.3.1 - https:\/\/yoast.com\/wordpress\/plugins\/seo\/ -->\n<title>Restaurant Pizzeria - Hotel Bel Tramonto Park - Ischia<\/title>\n<meta name=\"robots\" content=\"index, follow, max-snippet:-1, max-image-preview:large, max-video-preview:-1\" \/>\n<link rel=\"canonical\" href=\"https:\/\/hotelbeltramonto.it\/de\/restaurant-pizzeria\/\" \/>\n<meta property=\"og:locale\" content=\"de_DE\" \/>\n<meta property=\"og:type\" content=\"article\" \/>\n<meta property=\"og:title\" content=\"Restaurant Pizzeria - Hotel Bel Tramonto Park - Ischia\" \/>\n<meta property=\"og:description\" content=\"Ischitanische K\u00fcche Restaurant Pizzeria Das Hotel ist familiengef\u00fchrt und so wird auch die K\u00fcche gesund und lecker wie zu Hause Ischia-Geschmack K\u00fcche Familienbetrieb, gesund und lecker wie zu Hause Wellnessbereich Schwimmb\u00e4der und Relax Das Hotel Bel Tramonto ist eine Wohlf\u00fchloase auf den H\u00fcgeln von Casamicciola.\" \/>\n<meta property=\"og:url\" content=\"https:\/\/hotelbeltramonto.it\/de\/restaurant-pizzeria\/\" \/>\n<meta property=\"og:site_name\" content=\"Hotel Bel Tramonto Park - Ischia\" \/>\n<meta property=\"article:modified_time\" content=\"2024-10-29T10:26:02+00:00\" \/>\n<meta property=\"og:image\" content=\"https:\/\/hotelbeltramonto.it\/wp-content\/uploads\/BEL-TRAMONTO_2024_259-1.jpg\" \/>\n\t<meta property=\"og:image:width\" content=\"2169\" \/>\n\t<meta property=\"og:image:height\" content=\"2169\" \/>\n\t<meta property=\"og:image:type\" content=\"image\/jpeg\" \/>\n<meta name=\"twitter:card\" content=\"summary_large_image\" \/>\n<meta name=\"twitter:label1\" content=\"Gesch\u00e4tzte Lesezeit\" \/>\n\t<meta name=\"twitter:data1\" content=\"6\u00a0Minuten\" \/>\n<script type=\"application\/ld+json\" class=\"yoast-schema-graph\">{\"@context\":\"https:\/\/schema.org\",\"@graph\":[{\"@type\":\"WebPage\",\"@id\":\"https:\/\/hotelbeltramonto.it\/de\/restaurant-pizzeria\/\",\"url\":\"https:\/\/hotelbeltramonto.it\/de\/restaurant-pizzeria\/\",\"name\":\"Restaurant Pizzeria - Hotel Bel Tramonto Park - Ischia\",\"isPartOf\":{\"@id\":\"https:\/\/hotelbeltramonto.it\/de\/#website\"},\"primaryImageOfPage\":{\"@id\":\"https:\/\/hotelbeltramonto.it\/de\/restaurant-pizzeria\/#primaryimage\"},\"image\":{\"@id\":\"https:\/\/hotelbeltramonto.it\/de\/restaurant-pizzeria\/#primaryimage\"},\"thumbnailUrl\":\"https:\/\/hotelbeltramonto.it\/wp-content\/uploads\/BEL-TRAMONTO_2024_259-1.jpg\",\"datePublished\":\"2022-01-20T12:50:25+00:00\",\"dateModified\":\"2024-10-29T10:26:02+00:00\",\"breadcrumb\":{\"@id\":\"https:\/\/hotelbeltramonto.it\/de\/restaurant-pizzeria\/#breadcrumb\"},\"inLanguage\":\"de\",\"potentialAction\":[{\"@type\":\"ReadAction\",\"target\":[\"https:\/\/hotelbeltramonto.it\/de\/restaurant-pizzeria\/\"]}]},{\"@type\":\"ImageObject\",\"inLanguage\":\"de\",\"@id\":\"https:\/\/hotelbeltramonto.it\/de\/restaurant-pizzeria\/#primaryimage\",\"url\":\"https:\/\/hotelbeltramonto.it\/wp-content\/uploads\/BEL-TRAMONTO_2024_259-1.jpg\",\"contentUrl\":\"https:\/\/hotelbeltramonto.it\/wp-content\/uploads\/BEL-TRAMONTO_2024_259-1.jpg\",\"width\":2169,\"height\":2169},{\"@type\":\"BreadcrumbList\",\"@id\":\"https:\/\/hotelbeltramonto.it\/de\/restaurant-pizzeria\/#breadcrumb\",\"itemListElement\":[{\"@type\":\"ListItem\",\"position\":1,\"name\":\"Home\",\"item\":\"https:\/\/hotelbeltramonto.it\/de\/\"},{\"@type\":\"ListItem\",\"position\":2,\"name\":\"Restaurant Pizzeria\"}]},{\"@type\":\"WebSite\",\"@id\":\"https:\/\/hotelbeltramonto.it\/de\/#website\",\"url\":\"https:\/\/hotelbeltramonto.it\/de\/\",\"name\":\"Hotel Bel Tramonto Park - Ischia\",\"description\":\"Hotel Ischia Casamicciola\",\"potentialAction\":[{\"@type\":\"SearchAction\",\"target\":{\"@type\":\"EntryPoint\",\"urlTemplate\":\"https:\/\/hotelbeltramonto.it\/de\/?s={search_term_string}\"},\"query-input\":{\"@type\":\"PropertyValueSpecification\",\"valueRequired\":true,\"valueName\":\"search_term_string\"}}],\"inLanguage\":\"de\"}]}<\/script>\n<!-- \/ Yoast SEO plugin. -->","yoast_head_json":{"title":"Restaurant Pizzeria - Hotel Bel Tramonto Park - Ischia","robots":{"index":"index","follow":"follow","max-snippet":"max-snippet:-1","max-image-preview":"max-image-preview:large","max-video-preview":"max-video-preview:-1"},"canonical":"https:\/\/hotelbeltramonto.it\/de\/restaurant-pizzeria\/","og_locale":"de_DE","og_type":"article","og_title":"Restaurant Pizzeria - Hotel Bel Tramonto Park - Ischia","og_description":"Ischitanische K\u00fcche Restaurant Pizzeria Das Hotel ist familiengef\u00fchrt und so wird auch die K\u00fcche gesund und lecker wie zu Hause Ischia-Geschmack K\u00fcche Familienbetrieb, gesund und lecker wie zu Hause Wellnessbereich Schwimmb\u00e4der und Relax Das Hotel Bel Tramonto ist eine Wohlf\u00fchloase auf den H\u00fcgeln von Casamicciola.","og_url":"https:\/\/hotelbeltramonto.it\/de\/restaurant-pizzeria\/","og_site_name":"Hotel Bel Tramonto Park - Ischia","article_modified_time":"2024-10-29T10:26:02+00:00","og_image":[{"width":2169,"height":2169,"url":"https:\/\/hotelbeltramonto.it\/wp-content\/uploads\/BEL-TRAMONTO_2024_259-1.jpg","type":"image\/jpeg"}],"twitter_card":"summary_large_image","twitter_misc":{"Gesch\u00e4tzte Lesezeit":"6\u00a0Minuten"},"schema":{"@context":"https:\/\/schema.org","@graph":[{"@type":"WebPage","@id":"https:\/\/hotelbeltramonto.it\/de\/restaurant-pizzeria\/","url":"https:\/\/hotelbeltramonto.it\/de\/restaurant-pizzeria\/","name":"Restaurant Pizzeria - Hotel Bel Tramonto Park - Ischia","isPartOf":{"@id":"https:\/\/hotelbeltramonto.it\/de\/#website"},"primaryImageOfPage":{"@id":"https:\/\/hotelbeltramonto.it\/de\/restaurant-pizzeria\/#primaryimage"},"image":{"@id":"https:\/\/hotelbeltramonto.it\/de\/restaurant-pizzeria\/#primaryimage"},"thumbnailUrl":"https:\/\/hotelbeltramonto.it\/wp-content\/uploads\/BEL-TRAMONTO_2024_259-1.jpg","datePublished":"2022-01-20T12:50:25+00:00","dateModified":"2024-10-29T10:26:02+00:00","breadcrumb":{"@id":"https:\/\/hotelbeltramonto.it\/de\/restaurant-pizzeria\/#breadcrumb"},"inLanguage":"de","potentialAction":[{"@type":"ReadAction","target":["https:\/\/hotelbeltramonto.it\/de\/restaurant-pizzeria\/"]}]},{"@type":"ImageObject","inLanguage":"de","@id":"https:\/\/hotelbeltramonto.it\/de\/restaurant-pizzeria\/#primaryimage","url":"https:\/\/hotelbeltramonto.it\/wp-content\/uploads\/BEL-TRAMONTO_2024_259-1.jpg","contentUrl":"https:\/\/hotelbeltramonto.it\/wp-content\/uploads\/BEL-TRAMONTO_2024_259-1.jpg","width":2169,"height":2169},{"@type":"BreadcrumbList","@id":"https:\/\/hotelbeltramonto.it\/de\/restaurant-pizzeria\/#breadcrumb","itemListElement":[{"@type":"ListItem","position":1,"name":"Home","item":"https:\/\/hotelbeltramonto.it\/de\/"},{"@type":"ListItem","position":2,"name":"Restaurant Pizzeria"}]},{"@type":"WebSite","@id":"https:\/\/hotelbeltramonto.it\/de\/#website","url":"https:\/\/hotelbeltramonto.it\/de\/","name":"Hotel Bel Tramonto Park - Ischia","description":"Hotel Ischia Casamicciola","potentialAction":[{"@type":"SearchAction","target":{"@type":"EntryPoint","urlTemplate":"https:\/\/hotelbeltramonto.it\/de\/?s={search_term_string}"},"query-input":{"@type":"PropertyValueSpecification","valueRequired":true,"valueName":"search_term_string"}}],"inLanguage":"de"}]}},"_links":{"self":[{"href":"https:\/\/hotelbeltramonto.it\/de\/wp-json\/wp\/v2\/pages\/2050","targetHints":{"allow":["GET"]}}],"collection":[{"href":"https:\/\/hotelbeltramonto.it\/de\/wp-json\/wp\/v2\/pages"}],"about":[{"href":"https:\/\/hotelbeltramonto.it\/de\/wp-json\/wp\/v2\/types\/page"}],"author":[{"embeddable":true,"href":"https:\/\/hotelbeltramonto.it\/de\/wp-json\/wp\/v2\/users\/1"}],"replies":[{"embeddable":true,"href":"https:\/\/hotelbeltramonto.it\/de\/wp-json\/wp\/v2\/comments?post=2050"}],"version-history":[{"count":2,"href":"https:\/\/hotelbeltramonto.it\/de\/wp-json\/wp\/v2\/pages\/2050\/revisions"}],"predecessor-version":[{"id":2052,"href":"https:\/\/hotelbeltramonto.it\/de\/wp-json\/wp\/v2\/pages\/2050\/revisions\/2052"}],"wp:featuredmedia":[{"embeddable":true,"href":"https:\/\/hotelbeltramonto.it\/de\/wp-json\/wp\/v2\/media\/1669"}],"wp:attachment":[{"href":"https:\/\/hotelbeltramonto.it\/de\/wp-json\/wp\/v2\/media?parent=2050"}],"curies":[{"name":"wp","href":"https:\/\/api.w.org\/{rel}","templated":true}]}}