{"id":2047,"date":"2022-02-07T13:25:53","date_gmt":"2022-02-07T13:25:53","guid":{"rendered":"https:\/\/hotelbeltramonto.it\/datenschutzerklaerung\/"},"modified":"2024-10-29T10:23:51","modified_gmt":"2024-10-29T10:23:51","slug":"datenschutzerklaerung","status":"publish","type":"page","link":"https:\/\/hotelbeltramonto.it\/de\/datenschutzerklaerung\/","title":{"rendered":"Datenschutzerkl\u00e4rung"},"content":{"rendered":"<p>[et_pb_section fb_built=&#8220;1&#8243; bg_img_2=&#8220;https:\/\/hotelbeltramonto.it\/wp-content\/uploads\/resort-02.jpg&#8220; use_background_color_gradient_2=&#8220;off&#8220; background_color_gradient_start_2=&#8220;rgba(255,255,255,0.65)&#8220; background_color_gradient_end_2=&#8220;rgba(255,255,255,0)&#8220; background_color_gradient_direction_2=&#8220;105deg&#8220; background_color_gradient_start_position_2=&#8220;0%&#8220; background_color_gradient_end_position_2=&#8220;76%&#8220; background_color_gradient_overlays_image_2=&#8220;on&#8220; admin_label=&#8220;Header&#8220; _builder_version=&#8220;4.9.2&#8243; background_image=&#8220;https:\/\/hotelbeltramonto.it\/wp-content\/uploads\/resort-08-1024&#215;340.jpg&#8220; custom_padding=&#8220;20vw|0px|0|0px|false|false&#8220; hover_enabled=&#8220;0&#8243; title_text=&#8220;resort-08&#8243; sticky_enabled=&#8220;0&#8243;][et_pb_row custom_padding_last_edited=&#8220;on|desktop&#8220; _builder_version=&#8220;3.25&#8243; background_color=&#8220;#ffffff&#8220; max_width=&#8220;1160px&#8220; custom_padding=&#8220;|40px||40px||true&#8220; custom_padding_tablet=&#8220;|20px||20px||true&#8220; custom_padding_phone=&#8220;&#8220; use_custom_width=&#8220;on&#8220; custom_width_px=&#8220;1160px&#8220;][et_pb_column type=&#8220;4_4&#8243; _builder_version=&#8220;3.25&#8243; custom_padding=&#8220;|||&#8220; custom_padding__hover=&#8220;|||&#8220;][et_pb_text _builder_version=&#8220;4.9.2&#8243; text_line_height=&#8220;2em&#8220; header_text_color=&#8220;#0077cc&#8220; header_font_size=&#8220;60px&#8220; header_line_height=&#8220;1.3em&#8220; header_2_font_size=&#8220;16px&#8220; header_2_letter_spacing=&#8220;6px&#8220; header_2_line_height=&#8220;2em&#8220; header_3_font=&#8220;|300|||||||&#8220; custom_margin_tablet=&#8220;0vw||20px&#8220; header_font_size_tablet=&#8220;50px&#8220; header_font_size_phone=&#8220;40px&#8220; header_font_size_last_edited=&#8220;on|phone&#8220; header_2_font_size_tablet=&#8220;&#8220; header_2_font_size_phone=&#8220;12px&#8220; header_2_font_size_last_edited=&#8220;on|phone&#8220; header_text_shadow_style=&#8220;preset3&#8243; header_text_shadow_vertical_length=&#8220;0.03em&#8220; header_text_shadow_color=&#8220;#ffffff&#8220; locked=&#8220;off&#8220; header_3_font_size__hover=&#8220;22px&#8220; header_3_font_size__hover_enabled=&#8220;22px&#8220; header_3_letter_spacing__hover=&#8220;0px&#8220; header_3_letter_spacing__hover_enabled=&#8220;0px&#8220; header_3_line_height__hover=&#8220;1em&#8220; header_3_line_height__hover_enabled=&#8220;1em&#8220; header_3_text_shadow_style__hover=&#8220;none&#8220; header_3_text_shadow_style__hover_enabled=&#8220;none&#8220; header_3_text_shadow_color__hover=&#8220;rgba(0,0,0,0.4)&#8220; header_3_text_shadow_color__hover_enabled=&#8220;rgba(0,0,0,0.4)&#8220;]<\/p>\n<h2>Datenrichtlinie<\/h2>\n<h1>Datenschutzerkl\u00e4rung<\/h1>\n<h3><\/h3>\n<p>[\/et_pb_text][\/et_pb_column][\/et_pb_row][\/et_pb_section][et_pb_section fb_built=&#8220;1&#8243; admin_label=&#8220;About&#8220; _builder_version=&#8220;3.22&#8243; custom_padding=&#8220;0|0px|0|0px|false|false&#8220;][et_pb_row _builder_version=&#8220;4.9.2&#8243; _module_preset=&#8220;default&#8220;][et_pb_column type=&#8220;4_4&#8243; _builder_version=&#8220;4.9.2&#8243; _module_preset=&#8220;default&#8220;][et_pb_text _builder_version=&#8220;4.9.2&#8243; _module_preset=&#8220;default&#8220;]<\/p>\n<p><strong>\u00a9 2015 Hotel Bel Tramonto.<span> <\/span><\/strong>Kein Teil dieser Website darf vervielf\u00e4ltigt, weiterverbreitet oder manipuliert werden. Durch den Zugriff auf diese Seiten akzeptieren Sie die Urheberrechte und die Nutzungsbedingungen. <\/p>\n<h2>Datenschutzerkl\u00e4rung<\/h2>\n<p><strong>Hotel <\/strong><strong>Bel Tramonto<\/strong><strong> <\/strong>informiert, dass gem\u00e4\u00df Gesetz 196\/03 die mit den auf der Website vorhandenen Kontaktformularen \u00fcbermittelten Daten elektronisch oder manuell zu Zwecken der kommerziellen Information verarbeitet werden. Das Ausf\u00fcllen des Formulars und sein Absenden stellen eine Zustimmung zur Verarbeitung der mitgeteilten Daten dar und die M\u00f6glichkeit, jederzeit kostenlos deren L\u00f6schung, Aktualisierung, Berichtigung und Erg\u00e4nzung durch Senden einer E-Mail an uns zu verlangen. <\/p>\n<p>[\/et_pb_text][\/et_pb_column][\/et_pb_row][\/et_pb_section]<\/p>\n","protected":false},"excerpt":{"rendered":"<p>Datenrichtlinie Datenschutzerkl\u00e4rung \u00a9 2015 Hotel Bel Tramonto. Kein Teil dieser Website darf vervielf\u00e4ltigt, weiterverbreitet oder manipuliert werden. Durch den Zugriff auf diese Seiten akzeptieren Sie die Urheberrechte und die Nutzungsbedingungen. Datenschutzerkl\u00e4rung Hotel Bel Tramonto informiert, dass gem\u00e4\u00df Gesetz 196\/03 die mit den auf der Website vorhandenen Kontaktformularen \u00fcbermittelten Daten elektronisch oder manuell zu Zwecken der [&hellip;]<\/p>\n","protected":false},"author":1,"featured_media":0,"parent":0,"menu_order":0,"comment_status":"closed","ping_status":"closed","template":"","meta":{"_et_pb_use_builder":"on","_et_pb_old_content":"","_et_gb_content_width":"","footnotes":""},"class_list":["post-2047","page","type-page","status-publish","hentry"],"yoast_head":"<!-- This site is optimized with the Yoast SEO plugin v25.3.1 - https:\/\/yoast.com\/wordpress\/plugins\/seo\/ -->\n<title>Datenschutzerkl\u00e4rung - Hotel Bel Tramonto Park - Ischia<\/title>\n<meta name=\"robots\" content=\"index, follow, max-snippet:-1, max-image-preview:large, max-video-preview:-1\" \/>\n<link rel=\"canonical\" href=\"https:\/\/hotelbeltramonto.it\/de\/datenschutzerklaerung\/\" \/>\n<meta property=\"og:locale\" content=\"de_DE\" \/>\n<meta property=\"og:type\" content=\"article\" \/>\n<meta property=\"og:title\" content=\"Datenschutzerkl\u00e4rung - Hotel Bel Tramonto Park - Ischia\" \/>\n<meta property=\"og:description\" content=\"Datenrichtlinie Datenschutzerkl\u00e4rung \u00a9 2015 Hotel Bel Tramonto. Kein Teil dieser Website darf vervielf\u00e4ltigt, weiterverbreitet oder manipuliert werden. Durch den Zugriff auf diese Seiten akzeptieren Sie die Urheberrechte und die Nutzungsbedingungen. Datenschutzerkl\u00e4rung Hotel Bel Tramonto informiert, dass gem\u00e4\u00df Gesetz 196\/03 die mit den auf der Website vorhandenen Kontaktformularen \u00fcbermittelten Daten elektronisch oder manuell zu Zwecken der [&hellip;]\" \/>\n<meta property=\"og:url\" content=\"https:\/\/hotelbeltramonto.it\/de\/datenschutzerklaerung\/\" \/>\n<meta property=\"og:site_name\" content=\"Hotel Bel Tramonto Park - Ischia\" \/>\n<meta property=\"article:modified_time\" content=\"2024-10-29T10:23:51+00:00\" \/>\n<meta name=\"twitter:card\" content=\"summary_large_image\" \/>\n<meta name=\"twitter:label1\" content=\"Gesch\u00e4tzte Lesezeit\" \/>\n\t<meta name=\"twitter:data1\" content=\"2\u00a0Minuten\" \/>\n<script type=\"application\/ld+json\" class=\"yoast-schema-graph\">{\"@context\":\"https:\/\/schema.org\",\"@graph\":[{\"@type\":\"WebPage\",\"@id\":\"https:\/\/hotelbeltramonto.it\/de\/datenschutzerklaerung\/\",\"url\":\"https:\/\/hotelbeltramonto.it\/de\/datenschutzerklaerung\/\",\"name\":\"Datenschutzerkl\u00e4rung - Hotel Bel Tramonto Park - Ischia\",\"isPartOf\":{\"@id\":\"https:\/\/hotelbeltramonto.it\/de\/#website\"},\"datePublished\":\"2022-02-07T13:25:53+00:00\",\"dateModified\":\"2024-10-29T10:23:51+00:00\",\"breadcrumb\":{\"@id\":\"https:\/\/hotelbeltramonto.it\/de\/datenschutzerklaerung\/#breadcrumb\"},\"inLanguage\":\"de\",\"potentialAction\":[{\"@type\":\"ReadAction\",\"target\":[\"https:\/\/hotelbeltramonto.it\/de\/datenschutzerklaerung\/\"]}]},{\"@type\":\"BreadcrumbList\",\"@id\":\"https:\/\/hotelbeltramonto.it\/de\/datenschutzerklaerung\/#breadcrumb\",\"itemListElement\":[{\"@type\":\"ListItem\",\"position\":1,\"name\":\"Home\",\"item\":\"https:\/\/hotelbeltramonto.it\/de\/\"},{\"@type\":\"ListItem\",\"position\":2,\"name\":\"Datenschutzerkl\u00e4rung\"}]},{\"@type\":\"WebSite\",\"@id\":\"https:\/\/hotelbeltramonto.it\/de\/#website\",\"url\":\"https:\/\/hotelbeltramonto.it\/de\/\",\"name\":\"Hotel Bel Tramonto Park - Ischia\",\"description\":\"Hotel Ischia Casamicciola\",\"potentialAction\":[{\"@type\":\"SearchAction\",\"target\":{\"@type\":\"EntryPoint\",\"urlTemplate\":\"https:\/\/hotelbeltramonto.it\/de\/?s={search_term_string}\"},\"query-input\":{\"@type\":\"PropertyValueSpecification\",\"valueRequired\":true,\"valueName\":\"search_term_string\"}}],\"inLanguage\":\"de\"}]}<\/script>\n<!-- \/ Yoast SEO plugin. -->","yoast_head_json":{"title":"Datenschutzerkl\u00e4rung - Hotel Bel Tramonto Park - Ischia","robots":{"index":"index","follow":"follow","max-snippet":"max-snippet:-1","max-image-preview":"max-image-preview:large","max-video-preview":"max-video-preview:-1"},"canonical":"https:\/\/hotelbeltramonto.it\/de\/datenschutzerklaerung\/","og_locale":"de_DE","og_type":"article","og_title":"Datenschutzerkl\u00e4rung - Hotel Bel Tramonto Park - Ischia","og_description":"Datenrichtlinie Datenschutzerkl\u00e4rung \u00a9 2015 Hotel Bel Tramonto. Kein Teil dieser Website darf vervielf\u00e4ltigt, weiterverbreitet oder manipuliert werden. Durch den Zugriff auf diese Seiten akzeptieren Sie die Urheberrechte und die Nutzungsbedingungen. Datenschutzerkl\u00e4rung Hotel Bel Tramonto informiert, dass gem\u00e4\u00df Gesetz 196\/03 die mit den auf der Website vorhandenen Kontaktformularen \u00fcbermittelten Daten elektronisch oder manuell zu Zwecken der [&hellip;]","og_url":"https:\/\/hotelbeltramonto.it\/de\/datenschutzerklaerung\/","og_site_name":"Hotel Bel Tramonto Park - Ischia","article_modified_time":"2024-10-29T10:23:51+00:00","twitter_card":"summary_large_image","twitter_misc":{"Gesch\u00e4tzte Lesezeit":"2\u00a0Minuten"},"schema":{"@context":"https:\/\/schema.org","@graph":[{"@type":"WebPage","@id":"https:\/\/hotelbeltramonto.it\/de\/datenschutzerklaerung\/","url":"https:\/\/hotelbeltramonto.it\/de\/datenschutzerklaerung\/","name":"Datenschutzerkl\u00e4rung - Hotel Bel Tramonto Park - Ischia","isPartOf":{"@id":"https:\/\/hotelbeltramonto.it\/de\/#website"},"datePublished":"2022-02-07T13:25:53+00:00","dateModified":"2024-10-29T10:23:51+00:00","breadcrumb":{"@id":"https:\/\/hotelbeltramonto.it\/de\/datenschutzerklaerung\/#breadcrumb"},"inLanguage":"de","potentialAction":[{"@type":"ReadAction","target":["https:\/\/hotelbeltramonto.it\/de\/datenschutzerklaerung\/"]}]},{"@type":"BreadcrumbList","@id":"https:\/\/hotelbeltramonto.it\/de\/datenschutzerklaerung\/#breadcrumb","itemListElement":[{"@type":"ListItem","position":1,"name":"Home","item":"https:\/\/hotelbeltramonto.it\/de\/"},{"@type":"ListItem","position":2,"name":"Datenschutzerkl\u00e4rung"}]},{"@type":"WebSite","@id":"https:\/\/hotelbeltramonto.it\/de\/#website","url":"https:\/\/hotelbeltramonto.it\/de\/","name":"Hotel Bel Tramonto Park - Ischia","description":"Hotel Ischia Casamicciola","potentialAction":[{"@type":"SearchAction","target":{"@type":"EntryPoint","urlTemplate":"https:\/\/hotelbeltramonto.it\/de\/?s={search_term_string}"},"query-input":{"@type":"PropertyValueSpecification","valueRequired":true,"valueName":"search_term_string"}}],"inLanguage":"de"}]}},"_links":{"self":[{"href":"https:\/\/hotelbeltramonto.it\/de\/wp-json\/wp\/v2\/pages\/2047","targetHints":{"allow":["GET"]}}],"collection":[{"href":"https:\/\/hotelbeltramonto.it\/de\/wp-json\/wp\/v2\/pages"}],"about":[{"href":"https:\/\/hotelbeltramonto.it\/de\/wp-json\/wp\/v2\/types\/page"}],"author":[{"embeddable":true,"href":"https:\/\/hotelbeltramonto.it\/de\/wp-json\/wp\/v2\/users\/1"}],"replies":[{"embeddable":true,"href":"https:\/\/hotelbeltramonto.it\/de\/wp-json\/wp\/v2\/comments?post=2047"}],"version-history":[{"count":2,"href":"https:\/\/hotelbeltramonto.it\/de\/wp-json\/wp\/v2\/pages\/2047\/revisions"}],"predecessor-version":[{"id":2049,"href":"https:\/\/hotelbeltramonto.it\/de\/wp-json\/wp\/v2\/pages\/2047\/revisions\/2049"}],"wp:attachment":[{"href":"https:\/\/hotelbeltramonto.it\/de\/wp-json\/wp\/v2\/media?parent=2047"}],"curies":[{"name":"wp","href":"https:\/\/api.w.org\/{rel}","templated":true}]}}