{"id":1980,"date":"2022-01-20T12:53:23","date_gmt":"2022-01-20T12:53:23","guid":{"rendered":"https:\/\/hotelbeltramonto.it\/thermalkuren\/"},"modified":"2024-10-28T15:06:57","modified_gmt":"2024-10-28T15:06:57","slug":"thermalkuren","status":"publish","type":"page","link":"https:\/\/hotelbeltramonto.it\/de\/thermalkuren\/","title":{"rendered":"Thermalkuren"},"content":{"rendered":"<p>[et_pb_section bb_built=&#8220;1&#8243; admin_label=&#8220;Header&#8220; bg_img_2=&#8220;https:\/\/hotelbeltramonto.it\/wp-content\/uploads\/resort-02.jpg&#8220; use_background_color_gradient_2=&#8220;off&#8220; background_color_gradient_start_2=&#8220;rgba(255,255,255,0.65)&#8220; background_color_gradient_end_2=&#8220;rgba(255,255,255,0)&#8220; background_color_gradient_direction_2=&#8220;105deg&#8220; background_color_gradient_start_position_2=&#8220;0%&#8220; background_color_gradient_end_position_2=&#8220;76%&#8220; background_color_gradient_overlays_image_2=&#8220;on&#8220; _builder_version=&#8220;4.19.0&#8243; background_image=&#8220;https:\/\/hotelbeltramonto.it\/wp-content\/uploads\/IMG_1051-copia.jpg&#8220; custom_padding=&#8220;20vw|0px|0|0px|false|false&#8220; hover_enabled=&#8220;0&#8243; title_text=&#8220;Hotel-Ischia-Bel-Tramonto-Parchi-Spiagge-NEW-08&#8243; sticky_enabled=&#8220;0&#8243; background_color_gradient_stops_2=&#8220;rgba(255,255,255,0.65) 0%|rgba(255,255,255,0) 76%&#8220; next_background_color=&#8220;#ffffff&#8220; background_pattern_color=&#8220;rgba(0,0,0,0.2)&#8220; background_mask_color=&#8220;#ffffff&#8220; box_shadow_horizontal_tablet=&#8220;0px&#8220; box_shadow_vertical_tablet=&#8220;0px&#8220; box_shadow_blur_tablet=&#8220;40px&#8220; box_shadow_spread_tablet=&#8220;0px&#8220; vertical_offset_tablet=&#8220;0&#8243; horizontal_offset_tablet=&#8220;0&#8243;][et_pb_row custom_padding_last_edited=&#8220;on|desktop&#8220; _builder_version=&#8220;3.25&#8243; background_color=&#8220;#ffffff&#8220; max_width=&#8220;1160px&#8220; custom_padding=&#8220;|40px||40px||true&#8220; custom_padding_tablet=&#8220;|20px||20px||true&#8220; use_custom_width=&#8220;on&#8220; custom_width_px=&#8220;1160px&#8220;][et_pb_column type=&#8220;4_4&#8243; _builder_version=&#8220;3.25&#8243; custom_padding=&#8220;|||&#8220; custom_padding__hover=&#8220;|||&#8220;][et_pb_text _builder_version=&#8220;4.9.2&#8243; text_line_height=&#8220;2em&#8220; header_text_color=&#8220;#0077cc&#8220; header_font_size=&#8220;60px&#8220; header_line_height=&#8220;1.3em&#8220; header_2_font_size=&#8220;16px&#8220; header_2_letter_spacing=&#8220;6px&#8220; header_2_line_height=&#8220;2em&#8220; header_3_font=&#8220;|300|||||||&#8220; custom_margin_tablet=&#8220;0vw||20px&#8220; header_font_size_tablet=&#8220;50px&#8220; header_font_size_phone=&#8220;40px&#8220; header_font_size_last_edited=&#8220;on|phone&#8220; header_2_font_size_phone=&#8220;12px&#8220; header_2_font_size_last_edited=&#8220;on|phone&#8220; header_text_shadow_style=&#8220;preset3&#8243; header_text_shadow_vertical_length=&#8220;0.03em&#8220; header_text_shadow_color=&#8220;#ffffff&#8220; locked=&#8220;off&#8220; header_3_font_size__hover=&#8220;22px&#8220; header_3_font_size__hover_enabled=&#8220;22px&#8220; header_3_letter_spacing__hover=&#8220;0px&#8220; header_3_letter_spacing__hover_enabled=&#8220;0px&#8220; header_3_line_height__hover=&#8220;1em&#8220; header_3_line_height__hover_enabled=&#8220;1em&#8220; header_3_text_shadow_style__hover=&#8220;none&#8220; header_3_text_shadow_style__hover_enabled=&#8220;none&#8220; header_3_text_shadow_color__hover=&#8220;rgba(0,0,0,0.4)&#8220; header_3_text_shadow_color__hover_enabled=&#8220;rgba(0,0,0,0.4)&#8220; min_height=&#8220;110.2px&#8220;]<\/p>\n<h2>Wellness in Ischia<\/h2>\n<h1>Thermalkuren<\/h1>\n<h3>Das Hotel hat eine Vereinbarung mit einem der besten Thermalb\u00e4der in Casamicciola Terme, nur 300 m von unserem Haus entfernt.<\/h3>\n<p>Die Verbindungen werden mit dem kostenlosen <strong>privaten Shuttle des Hotels<\/strong> f\u00fcr die Kunden durchgef\u00fchrt. Von April bis November k\u00f6nnen Sie im Zentrum Thermalkuren und <strong>Sch\u00f6nheitsbehandlungen<\/strong> f\u00fcr K\u00f6rper und Gesicht durchf\u00fchren. <\/p>\n<p>[\/et_pb_text][\/et_pb_column][\/et_pb_row][\/et_pb_section][et_pb_section bb_built=&#8220;1&#8243; _builder_version=&#8220;4.9.2&#8243; _module_preset=&#8220;default&#8220; prev_background_color=&#8220;#000000&#8243; next_background_color=&#8220;rgba(12,113,195,0.1)&#8220;][et_pb_row _builder_version=&#8220;4.9.2&#8243; _module_preset=&#8220;default&#8220;][et_pb_column type=&#8220;4_4&#8243; _builder_version=&#8220;4.9.2&#8243; _module_preset=&#8220;default&#8220;][et_pb_image _builder_version=&#8220;4.19.0&#8243; src=&#8220;https:\/\/hotelbeltramonto.it\/wp-content\/uploads\/belliazzi_ischia.jpeg&#8220; background_pattern_color=&#8220;rgba(0,0,0,0.2)&#8220; background_mask_color=&#8220;#ffffff&#8220; box_shadow_horizontal_tablet=&#8220;0px&#8220; box_shadow_vertical_tablet=&#8220;0px&#8220; box_shadow_blur_tablet=&#8220;40px&#8220; box_shadow_spread_tablet=&#8220;0px&#8220; vertical_offset_tablet=&#8220;0&#8243; horizontal_offset_tablet=&#8220;0&#8243; z_index_tablet=&#8220;0&#8243; \/][\/et_pb_column][\/et_pb_row][\/et_pb_section][et_pb_section bb_built=&#8220;1&#8243; admin_label=&#8220;Restaurant&#8220; _builder_version=&#8220;4.9.2&#8243; background_color=&#8220;rgba(12,113,195,0.1)&#8220; custom_padding=&#8220;||||false|false&#8220; prev_background_color=&#8220;#ffffff&#8220;][et_pb_row column_structure=&#8220;1_2,1_2&#8243; make_equal=&#8220;on&#8220; padding_top_bottom_link_1=&#8220;true&#8220; padding_top_bottom_link_2=&#8220;true&#8220; padding_left_right_link_1=&#8220;true&#8220; padding_left_right_link_2=&#8220;true&#8220; _builder_version=&#8220;4.9.2&#8243; animation_style=&#8220;fade&#8220;][et_pb_column type=&#8220;1_2&#8243; _builder_version=&#8220;4.9.2&#8243; _dynamic_attributes=&#8220;link_option_url&#8220; use_background_color_gradient=&#8220;on&#8220; background_color_gradient_start=&#8220;rgba(43,135,218,0.4)&#8220; background_color_gradient_type=&#8220;circular&#8220; background_color_gradient_start_position=&#8220;100%&#8220; background_color_gradient_overlays_image=&#8220;on&#8220; background_image=&#8220;https:\/\/hotelbeltramonto.it\/wp-content\/uploads\/Terme-Ischia-Bel-Tramonto-Hotel-08-1024&#215;683.jpg&#8220; custom_padding=&#8220;8vw|40px|8vw|40px&#8220; link_option_url=&#8220;@ET-DC@eyJkeW5hbWljIjp0cnVlLCJjb250ZW50IjoicG9zdF9saW5rX3VybF9wYWdlIiwic2V0dGluZ3MiOnsicG9zdF9pZCI6IjUxNyJ9fQ==@&#8220; custom_padding__hover=&#8220;|||&#8220; background_color_gradient_stops=&#8220;rgba(43,135,218,0.4) 100%|#29c4a9 100%&#8220;][et_pb_text _builder_version=&#8220;4.9.2&#8243; text_line_height=&#8220;2em&#8220; header_2_font=&#8220;|300|||||||&#8220; header_2_font_size=&#8220;50px&#8220; header_2_line_height=&#8220;1.3em&#8220; header_3_font=&#8220;|300||on|||||&#8220; header_3_font_size=&#8220;16px&#8220; header_3_letter_spacing=&#8220;6px&#8220; header_3_line_height=&#8220;1.6em&#8220; text_orientation=&#8220;center&#8220; background_layout=&#8220;dark&#8220; max_width=&#8220;700px&#8220; module_alignment=&#8220;center&#8220; header_2_font_size_tablet=&#8220;40px&#8220; header_2_font_size_phone=&#8220;30px&#8220; header_2_font_size_last_edited=&#8220;on|phone&#8220; locked=&#8220;off&#8220; header_3_font_size__hover=&#8220;22px&#8220; header_3_font_size__hover_enabled=&#8220;22px&#8220; header_3_letter_spacing__hover=&#8220;0px&#8220; header_3_letter_spacing__hover_enabled=&#8220;0px&#8220; header_3_line_height__hover=&#8220;1em&#8220; header_3_line_height__hover_enabled=&#8220;1em&#8220; header_3_text_shadow_style__hover=&#8220;none&#8220; header_3_text_shadow_style__hover_enabled=&#8220;none&#8220; header_3_text_shadow_color__hover=&#8220;rgba(0,0,0,0.4)&#8220; header_3_text_shadow_color__hover_enabled=&#8220;rgba(0,0,0,0.4)&#8220; header_font_size__hover=&#8220;30px&#8220; header_font_size__hover_enabled=&#8220;30px&#8220; header_letter_spacing__hover=&#8220;0px&#8220; header_letter_spacing__hover_enabled=&#8220;0px&#8220; header_text_shadow_style__hover=&#8220;none&#8220; header_text_shadow_style__hover_enabled=&#8220;none&#8220; header_text_shadow_color__hover=&#8220;rgba(0,0,0,0.4)&#8220; header_text_shadow_color__hover_enabled=&#8220;rgba(0,0,0,0.4)&#8220;]<\/p>\n<h3>entdecken Sie die<\/h3>\n<h2>Spa-Behandlungen<\/h2>\n<p>&nbsp;<\/p>\n<p>[\/et_pb_text][\/et_pb_column][et_pb_column type=&#8220;1_2&#8243; _builder_version=&#8220;4.9.2&#8243; _dynamic_attributes=&#8220;link_option_url&#8220; use_background_color_gradient=&#8220;on&#8220; background_color_gradient_start=&#8220;rgba(43,135,218,0.28)&#8220; background_color_gradient_type=&#8220;circular&#8220; background_color_gradient_start_position=&#8220;100%&#8220; background_color_gradient_overlays_image=&#8220;on&#8220; background_image=&#8220;https:\/\/hotelbeltramonto.it\/wp-content\/uploads\/Terme-Ischia-Bel-Tramonto-Hotel-09-1024&#215;683.jpg&#8220; custom_padding=&#8220;8vw|40px|8vw|40px&#8220; link_option_url=&#8220;@ET-DC@eyJkeW5hbWljIjp0cnVlLCJjb250ZW50IjoicG9zdF9saW5rX3VybF9wYWdlIiwic2V0dGluZ3MiOnsicG9zdF9pZCI6IjUyNSJ9fQ==@&#8220; custom_padding__hover=&#8220;|||&#8220; background_color_gradient_stops=&#8220;rgba(43,135,218,0.28) 100%|#29c4a9 100%&#8220;][et_pb_text _builder_version=&#8220;4.9.2&#8243; text_line_height=&#8220;2em&#8220; header_2_font=&#8220;|300|||||||&#8220; header_2_font_size=&#8220;50px&#8220; header_2_line_height=&#8220;1.3em&#8220; header_3_font=&#8220;|300||on|||||&#8220; header_3_font_size=&#8220;16px&#8220; header_3_letter_spacing=&#8220;6px&#8220; header_3_line_height=&#8220;1.6em&#8220; text_orientation=&#8220;center&#8220; background_layout=&#8220;dark&#8220; max_width=&#8220;700px&#8220; module_alignment=&#8220;center&#8220; header_2_font_size_tablet=&#8220;40px&#8220; header_2_font_size_phone=&#8220;30px&#8220; header_2_font_size_last_edited=&#8220;on|phone&#8220; locked=&#8220;off&#8220; header_3_font_size__hover=&#8220;22px&#8220; header_3_font_size__hover_enabled=&#8220;22px&#8220; header_3_letter_spacing__hover=&#8220;0px&#8220; header_3_letter_spacing__hover_enabled=&#8220;0px&#8220; header_3_line_height__hover=&#8220;1em&#8220; header_3_line_height__hover_enabled=&#8220;1em&#8220; header_3_text_shadow_style__hover=&#8220;none&#8220; header_3_text_shadow_style__hover_enabled=&#8220;none&#8220; header_3_text_shadow_color__hover=&#8220;rgba(0,0,0,0.4)&#8220; header_3_text_shadow_color__hover_enabled=&#8220;rgba(0,0,0,0.4)&#8220; header_font_size__hover=&#8220;30px&#8220; header_font_size__hover_enabled=&#8220;30px&#8220; header_letter_spacing__hover=&#8220;0px&#8220; header_letter_spacing__hover_enabled=&#8220;0px&#8220; header_text_shadow_style__hover=&#8220;none&#8220; header_text_shadow_style__hover_enabled=&#8220;none&#8220; header_text_shadow_color__hover=&#8220;rgba(0,0,0,0.4)&#8220; header_text_shadow_color__hover_enabled=&#8220;rgba(0,0,0,0.4)&#8220;]<\/p>\n<h3>entdecken Sie die<\/h3>\n<h2>Wellness-Pakete<\/h2>\n<p>[\/et_pb_text][\/et_pb_column][\/et_pb_row][\/et_pb_section]<\/p>\n","protected":false},"excerpt":{"rendered":"<p>Wellness in Ischia Thermalkuren Das Hotel hat eine Vereinbarung mit einem der besten Thermalb\u00e4der in Casamicciola Terme, nur 300 m von unserem Haus entfernt. Die Verbindungen werden mit dem kostenlosen privaten Shuttle des Hotels f\u00fcr die Kunden durchgef\u00fchrt. Von April bis November k\u00f6nnen Sie im Zentrum Thermalkuren und Sch\u00f6nheitsbehandlungen f\u00fcr K\u00f6rper und Gesicht durchf\u00fchren. entdecken [&hellip;]<\/p>\n","protected":false},"author":1,"featured_media":0,"parent":0,"menu_order":0,"comment_status":"closed","ping_status":"closed","template":"","meta":{"_et_pb_use_builder":"on","_et_pb_old_content":"","_et_gb_content_width":"","footnotes":""},"class_list":["post-1980","page","type-page","status-publish","hentry"],"yoast_head":"<!-- This site is optimized with the Yoast SEO plugin v25.3.1 - https:\/\/yoast.com\/wordpress\/plugins\/seo\/ -->\n<title>Thermalkuren - Hotel Bel Tramonto Park - Ischia<\/title>\n<meta name=\"description\" content=\"Das Hotel Bel Tramonto hat eine Vereinbarung mit einem der besten Thermalb\u00e4der in Casamicciola Terme.\" \/>\n<meta name=\"robots\" content=\"index, follow, max-snippet:-1, max-image-preview:large, max-video-preview:-1\" \/>\n<link rel=\"canonical\" href=\"https:\/\/hotelbeltramonto.it\/de\/thermalkuren\/\" \/>\n<meta property=\"og:locale\" content=\"de_DE\" \/>\n<meta property=\"og:type\" content=\"article\" \/>\n<meta property=\"og:title\" content=\"Thermalkuren - Hotel Bel Tramonto Park - Ischia\" \/>\n<meta property=\"og:description\" content=\"Das Hotel Bel Tramonto hat eine Vereinbarung mit einem der besten Thermalb\u00e4der in Casamicciola Terme.\" \/>\n<meta property=\"og:url\" content=\"https:\/\/hotelbeltramonto.it\/de\/thermalkuren\/\" \/>\n<meta property=\"og:site_name\" content=\"Hotel Bel Tramonto Park - Ischia\" \/>\n<meta property=\"article:modified_time\" content=\"2024-10-28T15:06:57+00:00\" \/>\n<meta name=\"twitter:card\" content=\"summary_large_image\" \/>\n<meta name=\"twitter:label1\" content=\"Gesch\u00e4tzte Lesezeit\" \/>\n\t<meta name=\"twitter:data1\" content=\"5\u00a0Minuten\" \/>\n<script type=\"application\/ld+json\" class=\"yoast-schema-graph\">{\"@context\":\"https:\/\/schema.org\",\"@graph\":[{\"@type\":\"WebPage\",\"@id\":\"https:\/\/hotelbeltramonto.it\/de\/thermalkuren\/\",\"url\":\"https:\/\/hotelbeltramonto.it\/de\/thermalkuren\/\",\"name\":\"Thermalkuren - Hotel Bel Tramonto Park - Ischia\",\"isPartOf\":{\"@id\":\"http:\/\/hotelbeltramonto.it\/de\/#website\"},\"datePublished\":\"2022-01-20T12:53:23+00:00\",\"dateModified\":\"2024-10-28T15:06:57+00:00\",\"description\":\"Das Hotel Bel Tramonto hat eine Vereinbarung mit einem der besten Thermalb\u00e4der in Casamicciola Terme.\",\"breadcrumb\":{\"@id\":\"https:\/\/hotelbeltramonto.it\/de\/thermalkuren\/#breadcrumb\"},\"inLanguage\":\"de\",\"potentialAction\":[{\"@type\":\"ReadAction\",\"target\":[\"https:\/\/hotelbeltramonto.it\/de\/thermalkuren\/\"]}]},{\"@type\":\"BreadcrumbList\",\"@id\":\"https:\/\/hotelbeltramonto.it\/de\/thermalkuren\/#breadcrumb\",\"itemListElement\":[{\"@type\":\"ListItem\",\"position\":1,\"name\":\"Home\",\"item\":\"https:\/\/hotelbeltramonto.it\/de\/\"},{\"@type\":\"ListItem\",\"position\":2,\"name\":\"Thermalkuren\"}]},{\"@type\":\"WebSite\",\"@id\":\"http:\/\/hotelbeltramonto.it\/de\/#website\",\"url\":\"http:\/\/hotelbeltramonto.it\/de\/\",\"name\":\"Hotel Bel Tramonto Park - Ischia\",\"description\":\"Hotel Ischia Casamicciola\",\"potentialAction\":[{\"@type\":\"SearchAction\",\"target\":{\"@type\":\"EntryPoint\",\"urlTemplate\":\"http:\/\/hotelbeltramonto.it\/de\/?s={search_term_string}\"},\"query-input\":{\"@type\":\"PropertyValueSpecification\",\"valueRequired\":true,\"valueName\":\"search_term_string\"}}],\"inLanguage\":\"de\"}]}<\/script>\n<!-- \/ Yoast SEO plugin. -->","yoast_head_json":{"title":"Thermalkuren - Hotel Bel Tramonto Park - Ischia","description":"Das Hotel Bel Tramonto hat eine Vereinbarung mit einem der besten Thermalb\u00e4der in Casamicciola Terme.","robots":{"index":"index","follow":"follow","max-snippet":"max-snippet:-1","max-image-preview":"max-image-preview:large","max-video-preview":"max-video-preview:-1"},"canonical":"https:\/\/hotelbeltramonto.it\/de\/thermalkuren\/","og_locale":"de_DE","og_type":"article","og_title":"Thermalkuren - Hotel Bel Tramonto Park - Ischia","og_description":"Das Hotel Bel Tramonto hat eine Vereinbarung mit einem der besten Thermalb\u00e4der in Casamicciola Terme.","og_url":"https:\/\/hotelbeltramonto.it\/de\/thermalkuren\/","og_site_name":"Hotel Bel Tramonto Park - Ischia","article_modified_time":"2024-10-28T15:06:57+00:00","twitter_card":"summary_large_image","twitter_misc":{"Gesch\u00e4tzte Lesezeit":"5\u00a0Minuten"},"schema":{"@context":"https:\/\/schema.org","@graph":[{"@type":"WebPage","@id":"https:\/\/hotelbeltramonto.it\/de\/thermalkuren\/","url":"https:\/\/hotelbeltramonto.it\/de\/thermalkuren\/","name":"Thermalkuren - Hotel Bel Tramonto Park - Ischia","isPartOf":{"@id":"http:\/\/hotelbeltramonto.it\/de\/#website"},"datePublished":"2022-01-20T12:53:23+00:00","dateModified":"2024-10-28T15:06:57+00:00","description":"Das Hotel Bel Tramonto hat eine Vereinbarung mit einem der besten Thermalb\u00e4der in Casamicciola Terme.","breadcrumb":{"@id":"https:\/\/hotelbeltramonto.it\/de\/thermalkuren\/#breadcrumb"},"inLanguage":"de","potentialAction":[{"@type":"ReadAction","target":["https:\/\/hotelbeltramonto.it\/de\/thermalkuren\/"]}]},{"@type":"BreadcrumbList","@id":"https:\/\/hotelbeltramonto.it\/de\/thermalkuren\/#breadcrumb","itemListElement":[{"@type":"ListItem","position":1,"name":"Home","item":"https:\/\/hotelbeltramonto.it\/de\/"},{"@type":"ListItem","position":2,"name":"Thermalkuren"}]},{"@type":"WebSite","@id":"http:\/\/hotelbeltramonto.it\/de\/#website","url":"http:\/\/hotelbeltramonto.it\/de\/","name":"Hotel Bel Tramonto Park - Ischia","description":"Hotel Ischia Casamicciola","potentialAction":[{"@type":"SearchAction","target":{"@type":"EntryPoint","urlTemplate":"http:\/\/hotelbeltramonto.it\/de\/?s={search_term_string}"},"query-input":{"@type":"PropertyValueSpecification","valueRequired":true,"valueName":"search_term_string"}}],"inLanguage":"de"}]}},"_links":{"self":[{"href":"https:\/\/hotelbeltramonto.it\/de\/wp-json\/wp\/v2\/pages\/1980","targetHints":{"allow":["GET"]}}],"collection":[{"href":"https:\/\/hotelbeltramonto.it\/de\/wp-json\/wp\/v2\/pages"}],"about":[{"href":"https:\/\/hotelbeltramonto.it\/de\/wp-json\/wp\/v2\/types\/page"}],"author":[{"embeddable":true,"href":"https:\/\/hotelbeltramonto.it\/de\/wp-json\/wp\/v2\/users\/1"}],"replies":[{"embeddable":true,"href":"https:\/\/hotelbeltramonto.it\/de\/wp-json\/wp\/v2\/comments?post=1980"}],"version-history":[{"count":2,"href":"https:\/\/hotelbeltramonto.it\/de\/wp-json\/wp\/v2\/pages\/1980\/revisions"}],"predecessor-version":[{"id":1982,"href":"https:\/\/hotelbeltramonto.it\/de\/wp-json\/wp\/v2\/pages\/1980\/revisions\/1982"}],"wp:attachment":[{"href":"https:\/\/hotelbeltramonto.it\/de\/wp-json\/wp\/v2\/media?parent=1980"}],"curies":[{"name":"wp","href":"https:\/\/api.w.org\/{rel}","templated":true}]}}