{"id":1977,"date":"2022-02-07T13:26:03","date_gmt":"2022-02-07T13:26:03","guid":{"rendered":"https:\/\/hotelbeltramonto.it\/cookie-richtlinie\/"},"modified":"2024-10-28T15:03:19","modified_gmt":"2024-10-28T15:03:19","slug":"cookie-richtlinie","status":"publish","type":"page","link":"https:\/\/hotelbeltramonto.it\/de\/cookie-richtlinie\/","title":{"rendered":"Cookie-Richtlinie"},"content":{"rendered":"<p>[et_pb_section fb_built=&#8220;1&#8243; bg_img_2=&#8220;https:\/\/hotelbeltramonto.it\/wp-content\/uploads\/resort-02.jpg&#8220; use_background_color_gradient_2=&#8220;off&#8220; background_color_gradient_start_2=&#8220;rgba(255,255,255,0.65)&#8220; background_color_gradient_end_2=&#8220;rgba(255,255,255,0)&#8220; background_color_gradient_direction_2=&#8220;105deg&#8220; background_color_gradient_start_position_2=&#8220;0%&#8220; background_color_gradient_end_position_2=&#8220;76%&#8220; background_color_gradient_overlays_image_2=&#8220;on&#8220; admin_label=&#8220;Header&#8220; _builder_version=&#8220;4.9.2&#8243; background_image=&#8220;https:\/\/hotelbeltramonto.it\/wp-content\/uploads\/resort-08-1024&#215;340.jpg&#8220; custom_padding=&#8220;20vw|0px|0|0px|false|false&#8220; hover_enabled=&#8220;0&#8243; title_text=&#8220;resort-08&#8243; sticky_enabled=&#8220;0&#8243;][et_pb_row custom_padding_last_edited=&#8220;on|desktop&#8220; _builder_version=&#8220;3.25&#8243; background_color=&#8220;#ffffff&#8220; max_width=&#8220;1160px&#8220; custom_padding=&#8220;|40px||40px||true&#8220; custom_padding_tablet=&#8220;|20px||20px||true&#8220; custom_padding_phone=&#8220;&#8220; use_custom_width=&#8220;on&#8220; custom_width_px=&#8220;1160px&#8220;][et_pb_column type=&#8220;4_4&#8243; _builder_version=&#8220;3.25&#8243; custom_padding=&#8220;|||&#8220; custom_padding__hover=&#8220;|||&#8220;][et_pb_text _builder_version=&#8220;4.9.2&#8243; text_line_height=&#8220;2em&#8220; header_text_color=&#8220;#0077cc&#8220; header_font_size=&#8220;60px&#8220; header_line_height=&#8220;1.3em&#8220; header_2_font_size=&#8220;16px&#8220; header_2_letter_spacing=&#8220;6px&#8220; header_2_line_height=&#8220;2em&#8220; header_3_font=&#8220;|300|||||||&#8220; custom_margin_tablet=&#8220;0vw||20px&#8220; header_font_size_tablet=&#8220;50px&#8220; header_font_size_phone=&#8220;40px&#8220; header_font_size_last_edited=&#8220;on|phone&#8220; header_2_font_size_tablet=&#8220;&#8220; header_2_font_size_phone=&#8220;12px&#8220; header_2_font_size_last_edited=&#8220;on|phone&#8220; header_text_shadow_style=&#8220;preset3&#8243; header_text_shadow_vertical_length=&#8220;0.03em&#8220; header_text_shadow_color=&#8220;#ffffff&#8220; locked=&#8220;off&#8220; header_3_font_size__hover=&#8220;22px&#8220; header_3_font_size__hover_enabled=&#8220;22px&#8220; header_3_letter_spacing__hover=&#8220;0px&#8220; header_3_letter_spacing__hover_enabled=&#8220;0px&#8220; header_3_line_height__hover=&#8220;1em&#8220; header_3_line_height__hover_enabled=&#8220;1em&#8220; header_3_text_shadow_style__hover=&#8220;none&#8220; header_3_text_shadow_style__hover_enabled=&#8220;none&#8220; header_3_text_shadow_color__hover=&#8220;rgba(0,0,0,0.4)&#8220; header_3_text_shadow_color__hover_enabled=&#8220;rgba(0,0,0,0.4)&#8220;]<\/p>\n<h2>Information Cookie-Richtlinie<\/h2>\n<h1>Cookie-Richtlinie<\/h1>\n<h3><\/h3>\n<p>[\/et_pb_text][\/et_pb_column][\/et_pb_row][\/et_pb_section][et_pb_section fb_built=&#8220;1&#8243; admin_label=&#8220;About&#8220; _builder_version=&#8220;3.22&#8243; custom_padding=&#8220;0|0px|0|0px|false|false&#8220;][et_pb_row _builder_version=&#8220;4.9.2&#8243; _module_preset=&#8220;default&#8220;][et_pb_column type=&#8220;4_4&#8243; _builder_version=&#8220;4.9.2&#8243; _module_preset=&#8220;default&#8220;][et_pb_text _builder_version=&#8220;4.9.2&#8243; _module_preset=&#8220;default&#8220; hover_enabled=&#8220;0&#8243; sticky_enabled=&#8220;0&#8243;]<\/p>\n<h2>Cookie-Richtlinie<\/h2>\n<p>Diese Cookie-Richtlinie soll die Arten und Kategorien von Cookies, den Zweck und die Art der Verwendung von Cookies durch Hotel Bel Tramonto, Inhaber der Datenverarbeitung, erl\u00e4utern sowie Hinweise f\u00fcr die Benutzer \u00fcber die Ma\u00dfnahmen zur Ablehnung oder L\u00f6schung der Cookies auf den Websites www.hotelbeltramonto.it und seinen Subdomains (de.hotelbeltramonto.it, en.hotelbeltramonto.it) zu geben, die wir im Folgenden einfach als &#8222;Sites&#8220; bezeichnen werden.<\/p>\n<p>Der Benutzer kann die in Art. 7 des Gesetzes 196\/03, unter der Adresse info@hotelbeltramonto.it. Um die Cookie-Einstellungen zu \u00e4ndern, k\u00f6nnen Sie den Anweisungen in dieser Cookie-Richtlinie folgen.  <\/p>\n<p>Der Benutzer kann seine Zustimmung zur Verwendung von Cookies durch Fortfahren des Surfens auf den Websites, oder durch eine Scrollaktion, durch Klicken auf einen der internen Links der Seiten oder durch Klicken auf &#8222;OK&#8220; der kurzen Information, die bei jedem ersten Zugriff auf die Websites sichtbar ist, wie in der Ma\u00dfnahme des Datenschutzbeauftragten f\u00fcr den Schutz personenbezogener Daten (Nr. 229 vom 8. Mai 2014) vorgesehen.<\/p>\n<h3>Was sind Cookies?<\/h3>\n<p>Cookies bestehen aus Codeteilen (Computerdateien oder Teildaten), die von einem Server an den Internetbrowser des Benutzers gesendet werden, von diesen Browsern automatisch auf dem Computer des Benutzers gespeichert und bei jedem Zugriff oder Zugriff auf die Websites automatisch an den Server zur\u00fcckgesendet. Ein Cookie enth\u00e4lt normalerweise den Namen der Website, von der das Cookie stammt, die Lebensdauer des Cookies (d. h., wie lange es auf dem Ger\u00e4t des Benutzers verbleibt) und einen Wert, der in der Regel eine zuf\u00e4llig generierte Nummer ist. Bei jedem weiteren Besuch werden die Cookies an die Website zur\u00fcckgesendet, von der sie stammen (First-Party-Cookies) oder an eine andere Website, die sie erkennt (Third-Party-Cookies). Cookies sind n\u00fctzlich, weil sie es einer Website erm\u00f6glichen, das Ger\u00e4t des Benutzers zu erkennen und verschiedene Zwecke erf\u00fcllen, wie z. B. die effiziente Navigation zwischen den Seiten, das Erinnern an bevorzugte Websites und im Allgemeinen die Verbesserung der Surferfahrung. Sie tragen auch dazu bei, dass die online angezeigten Werbeinhalte besser auf einen Nutzer und seine Interessen zugeschnitten sind.    <\/p>\n<p>Wenn Sie sich entscheiden, Cookies zu deaktivieren, kann dies Ihre Erfahrung beim Surfen auf den Websites beeintr\u00e4chtigen und\/oder einschr\u00e4nken, z. B. Sie k\u00f6nnen bestimmte Bereiche nicht besuchen oder erhalten m\u00f6glicherweise keine personalisierten Informationen, wenn Sie die Websites besuchen.<\/p>\n<p>&nbsp;<\/p>\n<h3>Wie funktionieren und l\u00f6schen Sie Cookies?<\/h3>\n<p>Die Funktionsweise sowie die Optionen zur Einschr\u00e4nkung oder Blockierung von Cookies k\u00f6nnen durch \u00c4nderung der Einstellungen Ihres Internetbrowsers angepasst werden. Die meisten Internetbrowser sind so eingestellt, dass sie automatisch Cookies akzeptieren. Sie k\u00f6nnen diese Einstellungen jedoch \u00e4ndern, um Cookies zu blockieren oder benachrichtigt zu werden, wenn Cookies auf Ihrem Ger\u00e4t gespeichert werden. Es gibt verschiedene M\u00f6glichkeiten, wie Sie Cookies verwalten k\u00f6nnen. Bitte lesen Sie dazu die Bedienungsanleitung oder den Hilfebildschirm Ihres Browsers, um zu erfahren, wie Sie die Einstellungen des Browsers anpassen oder \u00e4ndern k\u00f6nnen. Der Benutzer ist in der Tat berechtigt, die Standardkonfiguration zu \u00e4ndern und die Cookies zu deaktivieren (d.h. sie dauerhaft zu blockieren), indem er die h\u00f6chste Schutzstufe einstellt.   <\/p>\n<p>&nbsp;<\/p>\n<p>Nachfolgend finden Sie den Pfad, der f\u00fcr die Verwaltung von Cookies in folgenden Browsern zu befolgen ist:<\/p>\n<ul>\n<li>Explorer: https:\/\/windows.microsoft.com\/it-it\/windows7\/block-enable-or-allow-cookies<\/li>\n<li>Safari: https:\/\/support.apple.com\/kb\/PH11913<\/li>\n<li>Chrome: https:\/\/support.google.com\/chrome\/answer\/95647?hl=it-IT&amp;hlrm=fr&amp;hlrm=en<\/li>\n<li>Firefox: https:\/\/support.mozilla.org\/it-IT\/kb\/enable-and-disable-cookies-website-preferences<\/li>\n<\/ul>\n<p>Wenn Sie verschiedene Ger\u00e4te verwenden, um auf die Website zuzugreifen und diese anzuzeigen (z. B. Computer, Smartphones, Tablets usw.), m\u00fcssen Sie sicherstellen, dass jeder Browser auf jedem Ger\u00e4t so eingestellt ist, dass er Ihre Cookie-Einstellungen widerspiegelt. Um die Cookies vom Internetbrowser Ihres Smartphones\/Tablets zu l\u00f6schen, m\u00fcssen Sie sich an das Benutzerhandbuch des Ger\u00e4ts wenden. <\/p>\n<h3>Welche Arten und Kategorien von Cookies verwendet diese Website und f\u00fcr welche Zwecke?<\/h3>\n<p>Diese Website verwendet verschiedene Arten von Cookies, die jeweils eine bestimmte Funktion haben. Im Allgemeinen verwenden wir Cookies, um die Nutzung der Website einfacher zu gestalten und besser auf die Bed\u00fcrfnisse der Benutzer abzustimmen. Cookies k\u00f6nnen auch verwendet werden, um zuk\u00fcnftige Benutzererfahrungen und Aktivit\u00e4ten auf der Website zu beschleunigen. Wir verwenden auch Cookies, um aggregierte anonyme Statistiken zu erstellen, die uns helfen zu verstehen, wie Benutzer es nutzen und um die Struktur und den Inhalt des Angebots zu verbessern. Eine erl\u00e4uternde Liste.    <\/p>\n<h3>Technische Cookies<\/h3>\n<p>Die &#8222;technischen&#8220; Cookies sind f\u00fcr das korrekte Funktionieren der Website unerl\u00e4sslich und erm\u00f6glichen es den Nutzern, auf der Website zu navigieren und ihre Funktionen zu nutzen (Sie erm\u00f6glichen beispielsweise die Speicherung fr\u00fcherer Aktionen oder die Speicherung der Sitzung des Nutzers und\/oder die Durchf\u00fchrung anderer Aktivit\u00e4ten, die f\u00fcr den Betrieb der Website unbedingt erforderlich sind).<\/p>\n<p>Zu dieser Kategorie geh\u00f6ren auch &#8222;analytische&#8220; Cookies, die uns helfen zu verstehen, wie Benutzer mit der Website interagieren, indem sie Informationen \u00fcber die zuletzt besuchte Seite, die Anzahl der besuchten Abschnitte und Seiten liefern, die Zeit, die auf der Website verbracht wurde und jede Angelegenheit w\u00e4hrend des Surfens aufgetaucht ist, wie zum Beispiel eine Fehlermeldung, und helfen, alle Schwierigkeiten zu verstehen, die der Benutzer bei der Nutzung der Website findet. Diese Informationen k\u00f6nnen mit Ihren Daten wie IP-Adresse, Domain oder Browser verkn\u00fcpft sein; sie werden jedoch zusammen mit Informationen anderer Nutzer analysiert, sodass ein bestimmter Nutzer nicht im Vergleich zu einem anderen identifiziert werden kann. Diese Cookies werden anonym gesammelt und aggregiert, um die Leistung der Website zu verbessern.  <\/p>\n<p>Schlie\u00dflich erm\u00f6glichen die &#8222;Funktionalit\u00e4ts&#8220;-Cookies der Website, sich an die Entscheidungen des Benutzers (z. B. den Benutzernamen) zu erinnern, um ihm eine personalisierte und optimierte Navigation zu bieten. Funktionelle Cookies sind nicht unbedingt notwendig f\u00fcr die Funktion der Website, verbessern jedoch die Qualit\u00e4t und das Surferlebnis. Wenn Sie diese Cookies nicht akzeptieren, kann die Leistung und Funktionalit\u00e4t der Website beeintr\u00e4chtigt werden und der Zugriff auf die Inhalte kann eingeschr\u00e4nkt sein.  <\/p>\n<h3>Profiling-Cookies<\/h3>\n<p>Die &#8222;Targeting&#8220; oder &#8222;Profiling&#8220;-Cookies werden verwendet, um Inhalte zu pr\u00e4sentieren, die f\u00fcr den Benutzer und seine Interessen besser geeignet sind. Sie k\u00f6nnen verwendet werden, um gezielte Werbung anzuzeigen, um Anzeigen zu schalten, die auf Ihre Interessen zugeschnitten sind, oder um die Anzahl der Anzeigenaufrufe einer Anzeige zu begrenzen. Sie helfen auch, die Wirksamkeit von Werbekampagnen auf der Website zu messen; wir k\u00f6nnen diese Cookies verwenden, um sich daran zu erinnern, welche Websites Sie besucht haben und diese Informationen mit Dritten teilen, Dazu geh\u00f6ren auch Agenturen und Werbetreibende, die ihre eigenen Cookies verwenden k\u00f6nnen, um Informationen \u00fcber die Aktivit\u00e4ten der Nutzer auf der Website zu sammeln.  <\/p>\n<p>Die &#8222;Sharing&#8220; (oder soziale Netzwerk) Cookies sind notwendig, um dem Benutzer zu erm\u00f6glichen, mit der Website \u00fcber sein soziales Konto zu interagieren und dienen zum Beispiel dazu, eine Wertsch\u00e4tzung auszudr\u00fccken und sie mit den entsprechenden sozialen Kontakten zu teilen.<\/p>\n<p>Diese Website verwendet oder kann, auch in Kombination miteinander, &#8222;Session&#8220; -Cookies verwenden, die auf dem Computer des Benutzers f\u00fcr technische Zwecke gespeichert werdenfunktionell, f\u00fcr die \u00dcbertragung von Sitzungs-IDs notwendig, um eine sichere und effiziente Navigation der Website zu erm\u00f6glichen; sie werden am Ende der &#8222;Sitzung&#8220; (daher der Name) mit dem Schlie\u00dfen des Browsers gel\u00f6scht; &#8222;persistent&#8220; die auf der Festplatte des Computers gespeichert bleiben, bis sie von den Benutzern ablaufen oder gel\u00f6scht werden. Durch die dauerhaften Cookies werden die Benutzer, die auf die Website zugreifen (oder andere Benutzer, die denselben Computer verwenden) bei jedem Besuch automatisch erkannt. <\/p>\n<h3>Cookies von Drittanbietern<\/h3>\n<p>Wenn Sie diese Website nutzen, k\u00f6nnen einige Cookies gespeichert werden, die nicht von uns kontrolliert werden. Dies geschieht beispielsweise, wenn der Nutzer eine Seite besucht, die Inhalte einer Website eines Dritten enth\u00e4lt. Dementsprechend erhalten Sie Cookies von diesen Drittanbietern. Cookies von Drittanbietern Wir haben keine Kontrolle \u00fcber die vom Cookie bereitgestellten Informationen und keinen Zugriff auf diese Daten. Diese Informationen werden vollst\u00e4ndig von den Drittanbietern kontrolliert, wie in ihren jeweiligen Datenschutzrichtlinien beschrieben.    <\/p>\n<p>Die folgende Tabelle zeigt die Cookies von Drittanbietern auf dieser Website. Diese unterliegen der direkten und ausschlie\u00dflichen Verantwortung des dritten Betreibers und werden in folgende Makrokategorien unterteilt: <\/p>\n<ul>\n<li>Analytische: Cookies, die verwendet werden, um statistische Informationen \u00fcber den Zugriff auf\/Besuche der Website zu sammeln und zu analysieren. In einigen F\u00e4llen k\u00f6nnen sie zusammen mit anderen Informationen, wie z. B. den eingegebenen Zugangsdaten f\u00fcr den Zugang zu gesch\u00fctzten Bereichen (E-Mail-Adresse und Passwort), verwendet werden, um Ihnen ein Profil zu erstellen (pers\u00f6nliche Gewohnheiten, besuchte Websites, heruntergeladene Inhalte, Arten von Interaktionen usw.). <\/li>\n<li>Widgets. In diese Kategorie fallen alle grafischen Komponenten einer Benutzeroberfl\u00e4che eines Programms, die darauf abzielen, den Benutzer bei der Interaktion mit dem Programm selbst zu erleichtern (als Beispiele sind Widgets Cookies von Facebook, Google+, Twitter). <\/li>\n<li>Advertsing. Diese Kategorie umfasst Cookies, die verwendet werden, um Werbedienstleistungen auf einer Website bereitzustellen. <\/li>\n<\/ul>\n<p>Wenn der Benutzer keine Cookies von Drittanbietern auf seinem Ger\u00e4t erhalten m\u00f6chte, kann er \u00fcber die unten aufgef\u00fchrten Links auf die Informationen und Zustimmungsformulare dieser Drittanbieter zugreifen und deren Empfang ausschlie\u00dfen.<\/p>\n<p>Diese Cookies werden nicht direkt von uns kontrolliert, Daher m\u00fcssen Sie sich zum Widerruf der Einwilligung auf die Websites Dritter beziehen oder auf www.youronlinechoices.com\/de\/ verweisen, um zu erfahren, wie Sie Cookies je nach verwendetem Browser l\u00f6schen oder verwalten k\u00f6nnen und um die Pr\u00e4ferenzen f\u00fcr Drittanbieter-Profiling-Cookies.<\/p>\n<table class=\"advanced\">\n<tbody>\n<tr>\n<th>Cookie<\/th>\n<th>Prim\u00e4re Verwendung<\/th>\n<th>Profilierung<\/th>\n<th>Link<\/th>\n<\/tr>\n<tr>\n<td>Facebook<\/td>\n<td>Widgets<\/td>\n<td>si<\/td>\n<td><a href=\"https:\/\/www.facebook.com\/help\/cookies\/?ref=sitefooter\" rel=\"nofollow noopener\" target=\"_blank\">link<\/a><\/td>\n<\/tr>\n<tr>\n<td>Google Analytics<\/td>\n<td>analytisch<\/td>\n<td>si<\/td>\n<td><a href=\"https:\/\/tools.google.com\/dlpage\/gaoptout?hl=it\" rel=\"nofollow noopener\" target=\"_blank\">link<\/a><\/td>\n<\/tr>\n<tr>\n<td>Google<\/td>\n<td>Widgets\/analytisch<\/td>\n<td>si<\/td>\n<td><a href=\"https:\/\/www.google.com\/policies\/technologies\/types\/\" rel=\"nofollow noopener\" target=\"_blank\">link<\/a><\/td>\n<\/tr>\n<tr>\n<td>Twitter Button<\/td>\n<td>Widgets<\/td>\n<td>si<\/td>\n<td><a href=\"https:\/\/twitter.com\/settings\/security\" rel=\"nofollow noopener\" target=\"_blank\">link<\/a><\/td>\n<\/tr>\n<tr>\n<td>Tripadvisor<\/td>\n<td>Widgets<\/td>\n<td>si<\/td>\n<td><a href=\"https:\/\/www.tripadvisor.it\/pages\/privacy.html\" rel=\"nofollow noopener\" target=\"_blank\">link<\/a><\/td>\n<\/tr>\n<tr>\n<td>Youtube.com<\/td>\n<td>Widgets<\/td>\n<td>si<\/td>\n<td><a href=\"https:\/\/www.google.it\/intl\/it\/policies\/technologies\/cookies\/\" rel=\"nofollow noopener\" target=\"_blank\">link<\/a><\/td>\n<\/tr>\n<\/tbody>\n<\/table>\n<p><a href=\"https:\/\/tools.google.com\/dlpage\/gaoptout\/\" rel=\"nofollow\" noopener\" target=\"_blank\">Klicken Sie hier,<\/a> um ein Browser-Add-on zum Deaktivieren von Google Analytics herunterzuladen.<\/p>\n<p>[\/et_pb_text][\/et_pb_column][\/et_pb_row][\/et_pb_section]<\/p>\n","protected":false},"excerpt":{"rendered":"<p>Information Cookie-Richtlinie Cookie-Richtlinie Cookie-Richtlinie Diese Cookie-Richtlinie soll die Arten und Kategorien von Cookies, den Zweck und die Art der Verwendung von Cookies durch Hotel Bel Tramonto, Inhaber der Datenverarbeitung, erl\u00e4utern sowie Hinweise f\u00fcr die Benutzer \u00fcber die Ma\u00dfnahmen zur Ablehnung oder L\u00f6schung der Cookies auf den Websites www.hotelbeltramonto.it und seinen Subdomains (de.hotelbeltramonto.it, en.hotelbeltramonto.it) zu geben, [&hellip;]<\/p>\n","protected":false},"author":1,"featured_media":0,"parent":0,"menu_order":0,"comment_status":"closed","ping_status":"closed","template":"","meta":{"_et_pb_use_builder":"on","_et_pb_old_content":"","_et_gb_content_width":"","footnotes":""},"class_list":["post-1977","page","type-page","status-publish","hentry"],"yoast_head":"<!-- This site is optimized with the Yoast SEO plugin v25.3.1 - https:\/\/yoast.com\/wordpress\/plugins\/seo\/ -->\n<title>Cookie-Richtlinie - Hotel Bel Tramonto Park - Ischia<\/title>\n<meta name=\"robots\" content=\"index, follow, max-snippet:-1, max-image-preview:large, max-video-preview:-1\" \/>\n<link rel=\"canonical\" href=\"https:\/\/hotelbeltramonto.it\/de\/cookie-richtlinie\/\" \/>\n<meta property=\"og:locale\" content=\"de_DE\" \/>\n<meta property=\"og:type\" content=\"article\" \/>\n<meta property=\"og:title\" content=\"Cookie-Richtlinie - Hotel Bel Tramonto Park - Ischia\" \/>\n<meta property=\"og:description\" content=\"Information Cookie-Richtlinie Cookie-Richtlinie Cookie-Richtlinie Diese Cookie-Richtlinie soll die Arten und Kategorien von Cookies, den Zweck und die Art der Verwendung von Cookies durch Hotel Bel Tramonto, Inhaber der Datenverarbeitung, erl\u00e4utern sowie Hinweise f\u00fcr die Benutzer \u00fcber die Ma\u00dfnahmen zur Ablehnung oder L\u00f6schung der Cookies auf den Websites www.hotelbeltramonto.it und seinen Subdomains (de.hotelbeltramonto.it, en.hotelbeltramonto.it) zu geben, [&hellip;]\" \/>\n<meta property=\"og:url\" content=\"https:\/\/hotelbeltramonto.it\/de\/cookie-richtlinie\/\" \/>\n<meta property=\"og:site_name\" content=\"Hotel Bel Tramonto Park - Ischia\" \/>\n<meta property=\"article:modified_time\" content=\"2024-10-28T15:03:19+00:00\" \/>\n<meta name=\"twitter:card\" content=\"summary_large_image\" \/>\n<meta name=\"twitter:label1\" content=\"Gesch\u00e4tzte Lesezeit\" \/>\n\t<meta name=\"twitter:data1\" content=\"10\u00a0Minuten\" \/>\n<script type=\"application\/ld+json\" class=\"yoast-schema-graph\">{\"@context\":\"https:\/\/schema.org\",\"@graph\":[{\"@type\":\"WebPage\",\"@id\":\"https:\/\/hotelbeltramonto.it\/de\/cookie-richtlinie\/\",\"url\":\"https:\/\/hotelbeltramonto.it\/de\/cookie-richtlinie\/\",\"name\":\"Cookie-Richtlinie - Hotel Bel Tramonto Park - Ischia\",\"isPartOf\":{\"@id\":\"https:\/\/hotelbeltramonto.it\/de\/#website\"},\"datePublished\":\"2022-02-07T13:26:03+00:00\",\"dateModified\":\"2024-10-28T15:03:19+00:00\",\"breadcrumb\":{\"@id\":\"https:\/\/hotelbeltramonto.it\/de\/cookie-richtlinie\/#breadcrumb\"},\"inLanguage\":\"de\",\"potentialAction\":[{\"@type\":\"ReadAction\",\"target\":[\"https:\/\/hotelbeltramonto.it\/de\/cookie-richtlinie\/\"]}]},{\"@type\":\"BreadcrumbList\",\"@id\":\"https:\/\/hotelbeltramonto.it\/de\/cookie-richtlinie\/#breadcrumb\",\"itemListElement\":[{\"@type\":\"ListItem\",\"position\":1,\"name\":\"Home\",\"item\":\"https:\/\/hotelbeltramonto.it\/de\/\"},{\"@type\":\"ListItem\",\"position\":2,\"name\":\"Cookie-Richtlinie\"}]},{\"@type\":\"WebSite\",\"@id\":\"https:\/\/hotelbeltramonto.it\/de\/#website\",\"url\":\"https:\/\/hotelbeltramonto.it\/de\/\",\"name\":\"Hotel Bel Tramonto Park - Ischia\",\"description\":\"Hotel Ischia Casamicciola\",\"potentialAction\":[{\"@type\":\"SearchAction\",\"target\":{\"@type\":\"EntryPoint\",\"urlTemplate\":\"https:\/\/hotelbeltramonto.it\/de\/?s={search_term_string}\"},\"query-input\":{\"@type\":\"PropertyValueSpecification\",\"valueRequired\":true,\"valueName\":\"search_term_string\"}}],\"inLanguage\":\"de\"}]}<\/script>\n<!-- \/ Yoast SEO plugin. -->","yoast_head_json":{"title":"Cookie-Richtlinie - Hotel Bel Tramonto Park - Ischia","robots":{"index":"index","follow":"follow","max-snippet":"max-snippet:-1","max-image-preview":"max-image-preview:large","max-video-preview":"max-video-preview:-1"},"canonical":"https:\/\/hotelbeltramonto.it\/de\/cookie-richtlinie\/","og_locale":"de_DE","og_type":"article","og_title":"Cookie-Richtlinie - Hotel Bel Tramonto Park - Ischia","og_description":"Information Cookie-Richtlinie Cookie-Richtlinie Cookie-Richtlinie Diese Cookie-Richtlinie soll die Arten und Kategorien von Cookies, den Zweck und die Art der Verwendung von Cookies durch Hotel Bel Tramonto, Inhaber der Datenverarbeitung, erl\u00e4utern sowie Hinweise f\u00fcr die Benutzer \u00fcber die Ma\u00dfnahmen zur Ablehnung oder L\u00f6schung der Cookies auf den Websites www.hotelbeltramonto.it und seinen Subdomains (de.hotelbeltramonto.it, en.hotelbeltramonto.it) zu geben, [&hellip;]","og_url":"https:\/\/hotelbeltramonto.it\/de\/cookie-richtlinie\/","og_site_name":"Hotel Bel Tramonto Park - Ischia","article_modified_time":"2024-10-28T15:03:19+00:00","twitter_card":"summary_large_image","twitter_misc":{"Gesch\u00e4tzte Lesezeit":"10\u00a0Minuten"},"schema":{"@context":"https:\/\/schema.org","@graph":[{"@type":"WebPage","@id":"https:\/\/hotelbeltramonto.it\/de\/cookie-richtlinie\/","url":"https:\/\/hotelbeltramonto.it\/de\/cookie-richtlinie\/","name":"Cookie-Richtlinie - Hotel Bel Tramonto Park - Ischia","isPartOf":{"@id":"https:\/\/hotelbeltramonto.it\/de\/#website"},"datePublished":"2022-02-07T13:26:03+00:00","dateModified":"2024-10-28T15:03:19+00:00","breadcrumb":{"@id":"https:\/\/hotelbeltramonto.it\/de\/cookie-richtlinie\/#breadcrumb"},"inLanguage":"de","potentialAction":[{"@type":"ReadAction","target":["https:\/\/hotelbeltramonto.it\/de\/cookie-richtlinie\/"]}]},{"@type":"BreadcrumbList","@id":"https:\/\/hotelbeltramonto.it\/de\/cookie-richtlinie\/#breadcrumb","itemListElement":[{"@type":"ListItem","position":1,"name":"Home","item":"https:\/\/hotelbeltramonto.it\/de\/"},{"@type":"ListItem","position":2,"name":"Cookie-Richtlinie"}]},{"@type":"WebSite","@id":"https:\/\/hotelbeltramonto.it\/de\/#website","url":"https:\/\/hotelbeltramonto.it\/de\/","name":"Hotel Bel Tramonto Park - Ischia","description":"Hotel Ischia Casamicciola","potentialAction":[{"@type":"SearchAction","target":{"@type":"EntryPoint","urlTemplate":"https:\/\/hotelbeltramonto.it\/de\/?s={search_term_string}"},"query-input":{"@type":"PropertyValueSpecification","valueRequired":true,"valueName":"search_term_string"}}],"inLanguage":"de"}]}},"_links":{"self":[{"href":"https:\/\/hotelbeltramonto.it\/de\/wp-json\/wp\/v2\/pages\/1977","targetHints":{"allow":["GET"]}}],"collection":[{"href":"https:\/\/hotelbeltramonto.it\/de\/wp-json\/wp\/v2\/pages"}],"about":[{"href":"https:\/\/hotelbeltramonto.it\/de\/wp-json\/wp\/v2\/types\/page"}],"author":[{"embeddable":true,"href":"https:\/\/hotelbeltramonto.it\/de\/wp-json\/wp\/v2\/users\/1"}],"replies":[{"embeddable":true,"href":"https:\/\/hotelbeltramonto.it\/de\/wp-json\/wp\/v2\/comments?post=1977"}],"version-history":[{"count":2,"href":"https:\/\/hotelbeltramonto.it\/de\/wp-json\/wp\/v2\/pages\/1977\/revisions"}],"predecessor-version":[{"id":1979,"href":"https:\/\/hotelbeltramonto.it\/de\/wp-json\/wp\/v2\/pages\/1977\/revisions\/1979"}],"wp:attachment":[{"href":"https:\/\/hotelbeltramonto.it\/de\/wp-json\/wp\/v2\/media?parent=1977"}],"curies":[{"name":"wp","href":"https:\/\/api.w.org\/{rel}","templated":true}]}}