{"id":1974,"date":"2022-01-20T13:00:24","date_gmt":"2022-01-20T13:00:24","guid":{"rendered":"https:\/\/hotelbeltramonto.it\/kontakte\/"},"modified":"2024-10-28T14:53:17","modified_gmt":"2024-10-28T14:53:17","slug":"kontakte","status":"publish","type":"page","link":"https:\/\/hotelbeltramonto.it\/de\/kontakte\/","title":{"rendered":"Kontakte"},"content":{"rendered":"<p>[et_pb_section bb_built=&#8220;1&#8243; admin_label=&#8220;Header&#8220; bg_img_2=&#8220;https:\/\/hotelbeltramonto.it\/wp-content\/uploads\/resort-02.jpg&#8220; use_background_color_gradient_2=&#8220;off&#8220; background_color_gradient_start_2=&#8220;rgba(255,255,255,0.65)&#8220; background_color_gradient_end_2=&#8220;rgba(255,255,255,0)&#8220; background_color_gradient_direction_2=&#8220;105deg&#8220; background_color_gradient_start_position_2=&#8220;0%&#8220; background_color_gradient_end_position_2=&#8220;76%&#8220; background_color_gradient_overlays_image_2=&#8220;on&#8220; _builder_version=&#8220;4.19.0&#8243; background_image=&#8220;https:\/\/hotelbeltramonto.it\/wp-content\/uploads\/BEL-TRAMONTO_2024_207-1-1.jpg&#8220; custom_padding=&#8220;8vw|0px|0|0px|false|false&#8220; hover_enabled=&#8220;0&#8243; locked=&#8220;off&#8220; title_text=&#8220;Stitched_123&#8243; sticky_enabled=&#8220;0&#8243; background_color_gradient_stops_2=&#8220;rgba(255,255,255,0.65) 0%|rgba(255,255,255,0) 76%&#8220; next_background_color=&#8220;#ffffff&#8220; background_pattern_color=&#8220;rgba(0,0,0,0.2)&#8220; background_mask_color=&#8220;#ffffff&#8220; box_shadow_horizontal_tablet=&#8220;0px&#8220; box_shadow_vertical_tablet=&#8220;0px&#8220; box_shadow_blur_tablet=&#8220;40px&#8220; box_shadow_spread_tablet=&#8220;0px&#8220; vertical_offset_tablet=&#8220;0&#8243; horizontal_offset_tablet=&#8220;0&#8243;][et_pb_row column_structure=&#8220;3_5,2_5&#8243; _builder_version=&#8220;4.19.0&#8243; background_color=&#8220;#ffffff&#8220; max_width=&#8220;1160px&#8220; custom_padding=&#8220;|40px||40px||true&#8220; use_custom_width=&#8220;on&#8220; custom_width_px=&#8220;1160px&#8220;][et_pb_column type=&#8220;3_5&#8243; _builder_version=&#8220;3.25&#8243; custom_padding=&#8220;|||&#8220; custom_padding__hover=&#8220;|||&#8220;][et_pb_text _builder_version=&#8220;4.19.0&#8243; text_line_height=&#8220;2em&#8220; header_text_color=&#8220;#0077cc&#8220; header_font_size=&#8220;60px&#8220; header_line_height=&#8220;1.3em&#8220; header_2_font=&#8220;|700||on|||||&#8220; header_2_font_size=&#8220;16px&#8220; header_2_letter_spacing=&#8220;6px&#8220; header_2_line_height=&#8220;2em&#8220; header_3_font=&#8220;|300|||||||&#8220; custom_margin_tablet=&#8220;0vw||20px&#8220; custom_padding=&#8220;||1px|||&#8220; header_font_size_tablet=&#8220;50px&#8220; header_font_size_phone=&#8220;40px&#8220; header_font_size_last_edited=&#8220;on|phone&#8220; header_2_font_size_phone=&#8220;12px&#8220; header_2_font_size_last_edited=&#8220;on|phone&#8220; header_text_shadow_style=&#8220;preset3&#8243; header_text_shadow_vertical_length=&#8220;0.03em&#8220; header_text_shadow_color=&#8220;#ffffff&#8220; locked=&#8220;off&#8220; header_3_font_size__hover=&#8220;22px&#8220; header_3_font_size__hover_enabled=&#8220;22px&#8220; header_3_letter_spacing__hover=&#8220;0px&#8220; header_3_letter_spacing__hover_enabled=&#8220;0px&#8220; header_3_line_height__hover=&#8220;1em&#8220; header_3_line_height__hover_enabled=&#8220;1em&#8220; header_3_text_shadow_style__hover=&#8220;none&#8220; header_3_text_shadow_style__hover_enabled=&#8220;none&#8220; header_3_text_shadow_color__hover=&#8220;rgba(0,0,0,0.4)&#8220; header_3_text_shadow_color__hover_enabled=&#8220;rgba(0,0,0,0.4)&#8220;]<\/p>\n<h1>Kontakte<\/h1>\n<h3><span>Sie k\u00f6nnen uns \u00fcber das untenstehende Kontaktformular erreichen.<\/span><\/h3>\n<p><span>Unser Team wird so schnell wie m\u00f6glich antworten.<\/span><\/p>\n<p>[\/et_pb_text][\/et_pb_column][et_pb_column type=&#8220;2_5&#8243; _builder_version=&#8220;3.25&#8243; custom_padding=&#8220;16px|||&#8220; custom_padding__hover=&#8220;|||&#8220;][et_pb_text _builder_version=&#8220;4.19.0&#8243; text_line_height=&#8220;2em&#8220; text_orientation=&#8220;right&#8220;]<\/p>\n<p style=\"text-align: left;\"><strong>Hotel: <\/strong><\/p>\n<p style=\"text-align: left;\">Tel. +39 081 994493 <\/p>\n<p style=\"text-align: left;\">WhatsApp Cell +39 333 2263511<\/p>\n<p style=\"text-align: left;\">info@hotelbeltramonto.it <\/p>\n<p style=\"text-align: left;\"><strong>Restaurant: <\/strong><\/p>\n<p style=\"text-align: left;\">Tel. +39 081 994493<\/p>\n<p style=\"text-align: left;\">Whatsapp Cell +39 3332263511 <\/p>\n<p style=\"text-align: left;\">info@hotelbeltramonto.it <\/p>\n<p>&nbsp;<\/p>\n<p>&nbsp;<\/p>\n<p>[\/et_pb_text][\/et_pb_column][\/et_pb_row][\/et_pb_section][et_pb_section bb_built=&#8220;1&#8243; _builder_version=&#8220;4.19.0&#8243; _module_preset=&#8220;default&#8220; custom_padding=&#8220;2px|||||&#8220; prev_background_color=&#8220;#000000&#8243;][et_pb_row _builder_version=&#8220;4.19.0&#8243; _module_preset=&#8220;default&#8220;][et_pb_column type=&#8220;4_4&#8243; _builder_version=&#8220;4.9.2&#8243; _module_preset=&#8220;default&#8220;][et_pb_text _builder_version=&#8220;4.19.0&#8243; _module_preset=&#8220;default&#8220;]<\/p>\n\n<div class=\"wpcf7 no-js\" id=\"wpcf7-f414-o1\" lang=\"it-IT\" dir=\"ltr\" data-wpcf7-id=\"414\">\n<div class=\"screen-reader-response\"><p role=\"status\" aria-live=\"polite\" aria-atomic=\"true\"><\/p> <ul><\/ul><\/div>\n<form action=\"\/de\/wp-json\/wp\/v2\/pages\/1974#wpcf7-f414-o1\" method=\"post\" class=\"wpcf7-form init\" aria-label=\"Modulo di contatto\" novalidate=\"novalidate\" data-status=\"init\">\n<fieldset class=\"hidden-fields-container\"><input type=\"hidden\" name=\"_wpcf7\" value=\"414\" \/><input type=\"hidden\" name=\"_wpcf7_version\" value=\"6.1\" \/><input type=\"hidden\" name=\"_wpcf7_locale\" value=\"it_IT\" \/><input type=\"hidden\" name=\"_wpcf7_unit_tag\" value=\"wpcf7-f414-o1\" \/><input type=\"hidden\" name=\"_wpcf7_container_post\" value=\"0\" \/><input type=\"hidden\" name=\"_wpcf7_posted_data_hash\" value=\"\" \/>\n<\/fieldset>\n<style>\n.btn {\n background-color: #0077cc;\n border: none;\n color: white;\n padding: 20px;\n text-align: center;\n text-decoration: none;\n display: inline-block;\n font-size: 16px;\n margin: 4px 2px;\n cursor: pointer;\n border-radius: 8px;\n}\n.wpcf7-spinner{display:none;}\n.form-control {\n display: block;\n width: 100%;\n padding: 0.375rem 0.75rem;\n font-size: 1rem;\n line-height: 1.5;\n color: #495057;\n background-color: #fff;\n background-clip: padding-box;\n border: 1px solid #ced4da;\n border-radius: 0.25rem;\n transition: border-color .15s ease-in-out,box-shadow .15s ease-in-out;\n}.row::after {content: \"\";clear: both;display: table;}[class*=\"col-\"] {float: left;padding: 15px;}.col-6 {width: 50%;}.col-12 {width: 100%;}@media screen and (max-width: 600px) {.col-6 {width: 100%;} }\n<\/style>\n<div class=\"row\">\n\t<div class=\"col-6\">\n\t\t<p><label> Il tuo nome <\/label><br \/>\n<span class=\"wpcf7-form-control-wrap\" data-name=\"your-name\"><input size=\"40\" maxlength=\"400\" class=\"wpcf7-form-control wpcf7-text wpcf7-validates-as-required form-control\" aria-required=\"true\" aria-invalid=\"false\" value=\"\" type=\"text\" name=\"your-name\" \/><\/span>\n\t\t<\/p>\n\t<\/div>\n\t<div class=\"col-6\">\n\t\t<p><label> Il tuo cognome <\/label><br \/>\n<span class=\"wpcf7-form-control-wrap\" data-name=\"your-surname\"><input size=\"40\" maxlength=\"400\" class=\"wpcf7-form-control wpcf7-text wpcf7-validates-as-required form-control\" aria-required=\"true\" aria-invalid=\"false\" value=\"\" type=\"text\" name=\"your-surname\" \/><\/span>\n\t\t<\/p>\n\t<\/div>\n\t<div class=\"col-6\">\n\t\t<p><label> La tua email <\/label><br \/>\n<span class=\"wpcf7-form-control-wrap\" data-name=\"your-email\"><input size=\"40\" maxlength=\"400\" class=\"wpcf7-form-control wpcf7-email wpcf7-validates-as-required wpcf7-text wpcf7-validates-as-email form-control\" aria-required=\"true\" aria-invalid=\"false\" value=\"\" type=\"email\" name=\"your-email\" \/><\/span>\n\t\t<\/p>\n\t<\/div>\n\t<div class=\"col-6\">\n\t\t<p><label> Il tuo telefono <\/label><br \/>\n<span class=\"wpcf7-form-control-wrap\" data-name=\"your-telephone\"><input size=\"40\" maxlength=\"400\" class=\"wpcf7-form-control wpcf7-tel wpcf7-validates-as-required wpcf7-text wpcf7-validates-as-tel form-control\" aria-required=\"true\" aria-invalid=\"false\" value=\"\" type=\"tel\" name=\"your-telephone\" \/><\/span>\n\t\t<\/p>\n\t<\/div>\n\t<div class=\"col-12\">\n\t\t<p><label> Il tuo messaggio (facoltativo) <\/label><br \/>\n<span class=\"wpcf7-form-control-wrap\" data-name=\"your-message\"><textarea cols=\"40\" rows=\"10\" maxlength=\"2000\" class=\"wpcf7-form-control wpcf7-textarea form-control\" aria-invalid=\"false\" name=\"your-message\"><\/textarea><\/span>\n\t\t<\/p>\n\t<\/div>\n\t<div style=\"text-align:right\">\n\t\t<p><span class=\"wpcf7-form-control-wrap\" data-name=\"acceptance-privacy\"><span class=\"wpcf7-form-control wpcf7-acceptance\"><span class=\"wpcf7-list-item\"><label><input type=\"checkbox\" name=\"acceptance-privacy\" value=\"1\" aria-invalid=\"false\" \/><span class=\"wpcf7-list-item-label\">Ho letto e accetto la <a href=\"https:\/\/hotelbeltramonto.it\/privacy-policy\">Privacy Policy<\/a><\/span><\/label><\/span><\/span><\/span><br \/>\n<div class=\"cf7-cf-turnstile\" style=\"margin-top: 0px; margin-bottom: -15px;\"> <div id=\"cf-turnstile-cf7-3892878478\" class=\"cf-turnstile\" data-callback=\"turnstileCF7Callback\" data-sitekey=\"0x4AAAAAABV01mW2zJHzJXWz\" data-theme=\"light\" data-language=\"auto\" data-size=\"normal\" data-retry=\"auto\" data-retry-interval=\"1000\" data-action=\"contact-form-7\" data-appearance=\"always\"><\/div> <style>.wpcf7-submit { pointer-events: none; opacity: 0.5; }<\/style> <script>document.addEventListener(\"DOMContentLoaded\", function() { setTimeout(function(){ var e=document.getElementById(\"cf-turnstile-cf7-3892878478\"); e&&!e.innerHTML.trim()&&(turnstile.remove(\"#cf-turnstile-cf7-3892878478\"), turnstile.render(\"#cf-turnstile-cf7-3892878478\", {sitekey:\"0x4AAAAAABV01mW2zJHzJXWz\"})); }, 0); });<\/script> <br class=\"cf-turnstile-br cf-turnstile-br-cf7-3892878478\"> <style>#cf-turnstile-cf7-3892878478 { margin-left: -15px; }<\/style> <script>document.addEventListener(\"DOMContentLoaded\",function(){document.querySelectorAll('.wpcf7-form').forEach(function(e){e.addEventListener('submit',function(){if(document.getElementById('cf-turnstile-cf7-3892878478')){setTimeout(function(){turnstile.reset('#cf-turnstile-cf7-3892878478');},1000)}})})});<\/script> <\/div><br\/><input class=\"wpcf7-form-control wpcf7-submit has-spinner btn\" type=\"submit\" value=\"Invia\" \/>\n\t\t<\/p>\n\t<\/div>\n<\/div><div class=\"wpcf7-response-output\" aria-hidden=\"true\"><\/div>\n<\/form>\n<\/div>\n\n<p>[\/et_pb_text][\/et_pb_column][\/et_pb_row][\/et_pb_section]<\/p>\n","protected":false},"excerpt":{"rendered":"<p>Kontakte Sie k\u00f6nnen uns \u00fcber das untenstehende Kontaktformular erreichen. Unser Team wird so schnell wie m\u00f6glich antworten. Hotel: Tel. +39 081 994493 WhatsApp Cell +39 333 2263511 info@hotelbeltramonto.it Restaurant: Tel. +39 081 994493 Whatsapp Cell +39 3332263511 info@hotelbeltramonto.it &nbsp; &nbsp; \n<div class=\"wpcf7 no-js\" id=\"wpcf7-f414-o2\" lang=\"it-IT\" dir=\"ltr\" data-wpcf7-id=\"414\">\n<div class=\"screen-reader-response\"><p role=\"status\" aria-live=\"polite\" aria-atomic=\"true\"><\/p> <ul><\/ul><\/div>\n<form action=\"\/de\/wp-json\/wp\/v2\/pages\/1974#wpcf7-f414-o2\" method=\"post\" class=\"wpcf7-form init\" aria-label=\"Modulo di contatto\" novalidate=\"novalidate\" data-status=\"init\">\n<fieldset class=\"hidden-fields-container\"><input type=\"hidden\" name=\"_wpcf7\" value=\"414\" \/><input type=\"hidden\" name=\"_wpcf7_version\" value=\"6.1\" \/><input type=\"hidden\" name=\"_wpcf7_locale\" value=\"it_IT\" \/><input type=\"hidden\" name=\"_wpcf7_unit_tag\" value=\"wpcf7-f414-o2\" \/><input type=\"hidden\" name=\"_wpcf7_container_post\" value=\"0\" \/><input type=\"hidden\" name=\"_wpcf7_posted_data_hash\" value=\"\" \/>\n<\/fieldset>\n<style>\n.btn {\n background-color: #0077cc;\n border: none;\n color: white;\n padding: 20px;\n text-align: center;\n text-decoration: none;\n display: inline-block;\n font-size: 16px;\n margin: 4px 2px;\n cursor: pointer;\n border-radius: 8px;\n}\n.wpcf7-spinner{display:none;}\n.form-control {\n display: block;\n width: 100%;\n padding: 0.375rem 0.75rem;\n font-size: 1rem;\n line-height: 1.5;\n color: #495057;\n background-color: #fff;\n background-clip: padding-box;\n border: 1px solid #ced4da;\n border-radius: 0.25rem;\n transition: border-color .15s ease-in-out,box-shadow .15s ease-in-out;\n}.row::after {content: \"\";clear: both;display: table;}[class*=\"col-\"] {float: left;padding: 15px;}.col-6 {width: 50%;}.col-12 {width: 100%;}@media screen and (max-width: 600px) {.col-6 {width: 100%;} }\n<\/style>\n<div class=\"row\">\n\t<div class=\"col-6\">\n\t\t<p><label> Il tuo nome <\/label><br \/>\n<span class=\"wpcf7-form-control-wrap\" data-name=\"your-name\"><input size=\"40\" maxlength=\"400\" class=\"wpcf7-form-control wpcf7-text wpcf7-validates-as-required form-control\" aria-required=\"true\" aria-invalid=\"false\" value=\"\" type=\"text\" name=\"your-name\" \/><\/span>\n\t\t<\/p>\n\t<\/div>\n\t<div class=\"col-6\">\n\t\t<p><label> Il tuo cognome <\/label><br \/>\n<span class=\"wpcf7-form-control-wrap\" data-name=\"your-surname\"><input size=\"40\" maxlength=\"400\" class=\"wpcf7-form-control wpcf7-text wpcf7-validates-as-required form-control\" aria-required=\"true\" aria-invalid=\"false\" value=\"\" type=\"text\" name=\"your-surname\" \/><\/span>\n\t\t<\/p>\n\t<\/div>\n\t<div class=\"col-6\">\n\t\t<p><label> La tua email <\/label><br \/>\n<span class=\"wpcf7-form-control-wrap\" data-name=\"your-email\"><input size=\"40\" maxlength=\"400\" class=\"wpcf7-form-control wpcf7-email wpcf7-validates-as-required wpcf7-text wpcf7-validates-as-email form-control\" aria-required=\"true\" aria-invalid=\"false\" value=\"\" type=\"email\" name=\"your-email\" \/><\/span>\n\t\t<\/p>\n\t<\/div>\n\t<div class=\"col-6\">\n\t\t<p><label> Il tuo telefono <\/label><br \/>\n<span class=\"wpcf7-form-control-wrap\" data-name=\"your-telephone\"><input size=\"40\" maxlength=\"400\" class=\"wpcf7-form-control wpcf7-tel wpcf7-validates-as-required wpcf7-text wpcf7-validates-as-tel form-control\" aria-required=\"true\" aria-invalid=\"false\" value=\"\" type=\"tel\" name=\"your-telephone\" \/><\/span>\n\t\t<\/p>\n\t<\/div>\n\t<div class=\"col-12\">\n\t\t<p><label> Il tuo messaggio (facoltativo) <\/label><br \/>\n<span class=\"wpcf7-form-control-wrap\" data-name=\"your-message\"><textarea cols=\"40\" rows=\"10\" maxlength=\"2000\" class=\"wpcf7-form-control wpcf7-textarea form-control\" aria-invalid=\"false\" name=\"your-message\"><\/textarea><\/span>\n\t\t<\/p>\n\t<\/div>\n\t<div style=\"text-align:right\">\n\t\t<p><span class=\"wpcf7-form-control-wrap\" data-name=\"acceptance-privacy\"><span class=\"wpcf7-form-control wpcf7-acceptance\"><span class=\"wpcf7-list-item\"><label><input type=\"checkbox\" name=\"acceptance-privacy\" value=\"1\" aria-invalid=\"false\" \/><span class=\"wpcf7-list-item-label\">Ho letto e accetto la <a href=\"https:\/\/hotelbeltramonto.it\/privacy-policy\">Privacy Policy<\/a><\/span><\/label><\/span><\/span><\/span><br \/>\n<div class=\"cf7-cf-turnstile\" style=\"margin-top: 0px; margin-bottom: -15px;\"> <div id=\"cf-turnstile-cf7-760185978\" class=\"cf-turnstile\" data-callback=\"turnstileCF7Callback\" data-sitekey=\"0x4AAAAAABV01mW2zJHzJXWz\" data-theme=\"light\" data-language=\"auto\" data-size=\"normal\" data-retry=\"auto\" data-retry-interval=\"1000\" data-action=\"contact-form-7\" data-appearance=\"always\"><\/div> <style>.wpcf7-submit { pointer-events: none; opacity: 0.5; }<\/style> <script>document.addEventListener(\"DOMContentLoaded\", function() { setTimeout(function(){ var e=document.getElementById(\"cf-turnstile-cf7-760185978\"); e&&!e.innerHTML.trim()&&(turnstile.remove(\"#cf-turnstile-cf7-760185978\"), turnstile.render(\"#cf-turnstile-cf7-760185978\", {sitekey:\"0x4AAAAAABV01mW2zJHzJXWz\"})); }, 0); });<\/script> <br class=\"cf-turnstile-br cf-turnstile-br-cf7-760185978\"> <style>#cf-turnstile-cf7-760185978 { margin-left: -15px; }<\/style> <script>document.addEventListener(\"DOMContentLoaded\",function(){document.querySelectorAll('.wpcf7-form').forEach(function(e){e.addEventListener('submit',function(){if(document.getElementById('cf-turnstile-cf7-760185978')){setTimeout(function(){turnstile.reset('#cf-turnstile-cf7-760185978');},1000)}})})});<\/script> <\/div><br\/><input class=\"wpcf7-form-control wpcf7-submit has-spinner btn\" type=\"submit\" value=\"Invia\" \/>\n\t\t<\/p>\n\t<\/div>\n<\/div><div class=\"wpcf7-response-output\" aria-hidden=\"true\"><\/div>\n<\/form>\n<\/div>\n<\/p>\n","protected":false},"author":1,"featured_media":0,"parent":0,"menu_order":0,"comment_status":"closed","ping_status":"closed","template":"","meta":{"_et_pb_use_builder":"on","_et_pb_old_content":"","_et_gb_content_width":"","footnotes":""},"class_list":["post-1974","page","type-page","status-publish","hentry"],"yoast_head":"<!-- This site is optimized with the Yoast SEO plugin v25.3.1 - https:\/\/yoast.com\/wordpress\/plugins\/seo\/ -->\n<title>Kontakte - Hotel Bel Tramonto Park - Ischia<\/title>\n<meta name=\"robots\" content=\"index, follow, max-snippet:-1, max-image-preview:large, max-video-preview:-1\" \/>\n<link rel=\"canonical\" href=\"https:\/\/hotelbeltramonto.it\/de\/kontakte\/\" \/>\n<meta property=\"og:locale\" content=\"de_DE\" \/>\n<meta property=\"og:type\" content=\"article\" \/>\n<meta property=\"og:title\" content=\"Kontakte - Hotel Bel Tramonto Park - Ischia\" \/>\n<meta property=\"og:description\" content=\"Kontakte Sie k\u00f6nnen uns \u00fcber das untenstehende Kontaktformular erreichen. Unser Team wird so schnell wie m\u00f6glich antworten. Hotel: Tel. +39 081 994493 WhatsApp Cell +39 333 2263511 info@hotelbeltramonto.it Restaurant: Tel. +39 081 994493 Whatsapp Cell +39 3332263511 info@hotelbeltramonto.it &nbsp; &nbsp;\" \/>\n<meta property=\"og:url\" content=\"https:\/\/hotelbeltramonto.it\/de\/kontakte\/\" \/>\n<meta property=\"og:site_name\" content=\"Hotel Bel Tramonto Park - Ischia\" \/>\n<meta property=\"article:modified_time\" content=\"2024-10-28T14:53:17+00:00\" \/>\n<meta name=\"twitter:card\" content=\"summary_large_image\" \/>\n<meta name=\"twitter:label1\" content=\"Gesch\u00e4tzte Lesezeit\" \/>\n\t<meta name=\"twitter:data1\" content=\"2\u00a0Minuten\" \/>\n<script type=\"application\/ld+json\" class=\"yoast-schema-graph\">{\"@context\":\"https:\/\/schema.org\",\"@graph\":[{\"@type\":\"WebPage\",\"@id\":\"https:\/\/hotelbeltramonto.it\/de\/kontakte\/\",\"url\":\"https:\/\/hotelbeltramonto.it\/de\/kontakte\/\",\"name\":\"Kontakte - Hotel Bel Tramonto Park - Ischia\",\"isPartOf\":{\"@id\":\"https:\/\/hotelbeltramonto.it\/de\/#website\"},\"datePublished\":\"2022-01-20T13:00:24+00:00\",\"dateModified\":\"2024-10-28T14:53:17+00:00\",\"breadcrumb\":{\"@id\":\"https:\/\/hotelbeltramonto.it\/de\/kontakte\/#breadcrumb\"},\"inLanguage\":\"de\",\"potentialAction\":[{\"@type\":\"ReadAction\",\"target\":[\"https:\/\/hotelbeltramonto.it\/de\/kontakte\/\"]}]},{\"@type\":\"BreadcrumbList\",\"@id\":\"https:\/\/hotelbeltramonto.it\/de\/kontakte\/#breadcrumb\",\"itemListElement\":[{\"@type\":\"ListItem\",\"position\":1,\"name\":\"Home\",\"item\":\"https:\/\/hotelbeltramonto.it\/de\/\"},{\"@type\":\"ListItem\",\"position\":2,\"name\":\"Kontakte\"}]},{\"@type\":\"WebSite\",\"@id\":\"https:\/\/hotelbeltramonto.it\/de\/#website\",\"url\":\"https:\/\/hotelbeltramonto.it\/de\/\",\"name\":\"Hotel Bel Tramonto Park - Ischia\",\"description\":\"Hotel Ischia Casamicciola\",\"potentialAction\":[{\"@type\":\"SearchAction\",\"target\":{\"@type\":\"EntryPoint\",\"urlTemplate\":\"https:\/\/hotelbeltramonto.it\/de\/?s={search_term_string}\"},\"query-input\":{\"@type\":\"PropertyValueSpecification\",\"valueRequired\":true,\"valueName\":\"search_term_string\"}}],\"inLanguage\":\"de\"}]}<\/script>\n<!-- \/ Yoast SEO plugin. -->","yoast_head_json":{"title":"Kontakte - Hotel Bel Tramonto Park - Ischia","robots":{"index":"index","follow":"follow","max-snippet":"max-snippet:-1","max-image-preview":"max-image-preview:large","max-video-preview":"max-video-preview:-1"},"canonical":"https:\/\/hotelbeltramonto.it\/de\/kontakte\/","og_locale":"de_DE","og_type":"article","og_title":"Kontakte - Hotel Bel Tramonto Park - Ischia","og_description":"Kontakte Sie k\u00f6nnen uns \u00fcber das untenstehende Kontaktformular erreichen. Unser Team wird so schnell wie m\u00f6glich antworten. Hotel: Tel. +39 081 994493 WhatsApp Cell +39 333 2263511 info@hotelbeltramonto.it Restaurant: Tel. +39 081 994493 Whatsapp Cell +39 3332263511 info@hotelbeltramonto.it &nbsp; &nbsp;","og_url":"https:\/\/hotelbeltramonto.it\/de\/kontakte\/","og_site_name":"Hotel Bel Tramonto Park - Ischia","article_modified_time":"2024-10-28T14:53:17+00:00","twitter_card":"summary_large_image","twitter_misc":{"Gesch\u00e4tzte Lesezeit":"2\u00a0Minuten"},"schema":{"@context":"https:\/\/schema.org","@graph":[{"@type":"WebPage","@id":"https:\/\/hotelbeltramonto.it\/de\/kontakte\/","url":"https:\/\/hotelbeltramonto.it\/de\/kontakte\/","name":"Kontakte - Hotel Bel Tramonto Park - Ischia","isPartOf":{"@id":"https:\/\/hotelbeltramonto.it\/de\/#website"},"datePublished":"2022-01-20T13:00:24+00:00","dateModified":"2024-10-28T14:53:17+00:00","breadcrumb":{"@id":"https:\/\/hotelbeltramonto.it\/de\/kontakte\/#breadcrumb"},"inLanguage":"de","potentialAction":[{"@type":"ReadAction","target":["https:\/\/hotelbeltramonto.it\/de\/kontakte\/"]}]},{"@type":"BreadcrumbList","@id":"https:\/\/hotelbeltramonto.it\/de\/kontakte\/#breadcrumb","itemListElement":[{"@type":"ListItem","position":1,"name":"Home","item":"https:\/\/hotelbeltramonto.it\/de\/"},{"@type":"ListItem","position":2,"name":"Kontakte"}]},{"@type":"WebSite","@id":"https:\/\/hotelbeltramonto.it\/de\/#website","url":"https:\/\/hotelbeltramonto.it\/de\/","name":"Hotel Bel Tramonto Park - Ischia","description":"Hotel Ischia Casamicciola","potentialAction":[{"@type":"SearchAction","target":{"@type":"EntryPoint","urlTemplate":"https:\/\/hotelbeltramonto.it\/de\/?s={search_term_string}"},"query-input":{"@type":"PropertyValueSpecification","valueRequired":true,"valueName":"search_term_string"}}],"inLanguage":"de"}]}},"_links":{"self":[{"href":"https:\/\/hotelbeltramonto.it\/de\/wp-json\/wp\/v2\/pages\/1974","targetHints":{"allow":["GET"]}}],"collection":[{"href":"https:\/\/hotelbeltramonto.it\/de\/wp-json\/wp\/v2\/pages"}],"about":[{"href":"https:\/\/hotelbeltramonto.it\/de\/wp-json\/wp\/v2\/types\/page"}],"author":[{"embeddable":true,"href":"https:\/\/hotelbeltramonto.it\/de\/wp-json\/wp\/v2\/users\/1"}],"replies":[{"embeddable":true,"href":"https:\/\/hotelbeltramonto.it\/de\/wp-json\/wp\/v2\/comments?post=1974"}],"version-history":[{"count":2,"href":"https:\/\/hotelbeltramonto.it\/de\/wp-json\/wp\/v2\/pages\/1974\/revisions"}],"predecessor-version":[{"id":1976,"href":"https:\/\/hotelbeltramonto.it\/de\/wp-json\/wp\/v2\/pages\/1974\/revisions\/1976"}],"wp:attachment":[{"href":"https:\/\/hotelbeltramonto.it\/de\/wp-json\/wp\/v2\/media?parent=1974"}],"curies":[{"name":"wp","href":"https:\/\/api.w.org\/{rel}","templated":true}]}}